{"id":845,"date":"2023-09-05T14:15:14","date_gmt":"2023-09-05T12:15:14","guid":{"rendered":"https:\/\/olabomba.com\/?post_type=product&#038;p=845"},"modified":"2024-09-17T21:25:58","modified_gmt":"2024-09-17T19:25:58","slug":"mastermind-mala-wielka-osobista-pakiet-vip-pay-in-full","status":"publish","type":"product","link":"https:\/\/olabomba.com\/index.php\/produkt\/mastermind-mala-wielka-osobista-pakiet-vip-pay-in-full\/","title":{"rendered":"Mastermind ma\u0142a-wielka marka osobista &#8211; PAKIET VIP (op\u0142ata w ca\u0142o\u015bci)"},"content":{"rendered":"<p>Bior\u0105c udzia\u0142 w mastermindzie:<br \/>\n&#8211; zgadzasz si\u0119 na nagrywanie spotka\u0144 i rozdysponowywanie nagra\u0144 oraz na umieszczanie zdj\u0119\u0107 ze spotka\u0144 w moich mediach spo\u0142eczno\u015bciowych<br \/>\n&#8211; wiesz, \u017ce rezultaty dzia\u0142ania zale\u017c\u0105 od w\u0142o\u017conej przez Ciebie pracy, energii i podekscytowania!<\/p>\n","protected":false},"excerpt":{"rendered":"<p>Bior\u0105c udzia\u0142 w mastermindzie: &#8211; zgadzasz si\u0119 na nagrywanie spotka\u0144 i rozdysponowywanie nagra\u0144 oraz na umieszczanie zdj\u0119\u0107 ze spotka\u0144 w moich mediach spo\u0142eczno\u015bciowych &#8211; wiesz, \u017ce rezultaty dzia\u0142ania zale\u017c\u0105 od w\u0142o\u017conej przez Ciebie pracy, energii i podekscytowania!<\/p>\n","protected":false},"featured_media":576,"template":"","meta":{"_uag_custom_page_level_css":"","neve_meta_sidebar":"","neve_meta_container":"","neve_meta_enable_content_width":"off","neve_meta_content_width":100,"neve_meta_title_alignment":"","neve_meta_author_avatar":"","neve_post_elements_order":"","neve_meta_disable_header":"","neve_meta_disable_footer":"","neve_meta_disable_title":""},"product_brand":[],"product_cat":[19],"product_tag":[],"class_list":{"0":"post-845","1":"product","2":"type-product","3":"status-publish","4":"has-post-thumbnail","6":"product_cat-bez-kategorii","8":"first","9":"instock","10":"sale","11":"taxable","12":"shipping-taxable","13":"purchasable","14":"product-type-simple"},"uagb_featured_image_src":{"full":["https:\/\/olabomba.com\/wp-content\/uploads\/2023\/01\/Zrzut-ekranu-2023-04-02-o-22.16.03.png",742,934,false],"thumbnail":["https:\/\/olabomba.com\/wp-content\/uploads\/2023\/01\/Zrzut-ekranu-2023-04-02-o-22.16.03-150x150.png",150,150,true],"medium":["https:\/\/olabomba.com\/wp-content\/uploads\/2023\/01\/Zrzut-ekranu-2023-04-02-o-22.16.03-238x300.png",238,300,true],"medium_large":["https:\/\/olabomba.com\/wp-content\/uploads\/2023\/01\/Zrzut-ekranu-2023-04-02-o-22.16.03.png",742,934,false],"large":["https:\/\/olabomba.com\/wp-content\/uploads\/2023\/01\/Zrzut-ekranu-2023-04-02-o-22.16.03.png",742,934,false],"1536x1536":["https:\/\/olabomba.com\/wp-content\/uploads\/2023\/01\/Zrzut-ekranu-2023-04-02-o-22.16.03.png",742,934,false],"2048x2048":["https:\/\/olabomba.com\/wp-content\/uploads\/2023\/01\/Zrzut-ekranu-2023-04-02-o-22.16.03.png",742,934,false],"neve-blog":["https:\/\/olabomba.com\/wp-content\/uploads\/2023\/01\/Zrzut-ekranu-2023-04-02-o-22.16.03-742x620.png",742,620,true],"woocommerce_thumbnail":["https:\/\/olabomba.com\/wp-content\/uploads\/2023\/01\/Zrzut-ekranu-2023-04-02-o-22.16.03-300x300.png",300,300,true],"woocommerce_single":["https:\/\/olabomba.com\/wp-content\/uploads\/2023\/01\/Zrzut-ekranu-2023-04-02-o-22.16.03-600x755.png",600,755,true],"woocommerce_gallery_thumbnail":["https:\/\/olabomba.com\/wp-content\/uploads\/2023\/01\/Zrzut-ekranu-2023-04-02-o-22.16.03-100x100.png",100,100,true]},"uagb_author_info":{"display_name":"ola","author_link":"https:\/\/olabomba.com\/index.php\/author\/"},"uagb_comment_info":0,"uagb_excerpt":"Bior\u0105c udzia\u0142 w mastermindzie: &#8211; zgadzasz si\u0119 na nagrywanie spotka\u0144 i rozdysponowywanie nagra\u0144 oraz na umieszczanie zdj\u0119\u0107 ze spotka\u0144 w moich mediach spo\u0142eczno\u015bciowych &#8211; wiesz, \u017ce rezultaty dzia\u0142ania zale\u017c\u0105 od w\u0142o\u017conej przez Ciebie pracy, energii i podekscytowania!","_links":{"self":[{"href":"https:\/\/olabomba.com\/index.php\/wp-json\/wp\/v2\/product\/845","targetHints":{"allow":["GET"]}}],"collection":[{"href":"https:\/\/olabomba.com\/index.php\/wp-json\/wp\/v2\/product"}],"about":[{"href":"https:\/\/olabomba.com\/index.php\/wp-json\/wp\/v2\/types\/product"}],"version-history":[{"count":1,"href":"https:\/\/olabomba.com\/index.php\/wp-json\/wp\/v2\/product\/845\/revisions"}],"predecessor-version":[{"id":935,"href":"https:\/\/olabomba.com\/index.php\/wp-json\/wp\/v2\/product\/845\/revisions\/935"}],"wp:featuredmedia":[{"embeddable":true,"href":"https:\/\/olabomba.com\/index.php\/wp-json\/wp\/v2\/media\/576"}],"wp:attachment":[{"href":"https:\/\/olabomba.com\/index.php\/wp-json\/wp\/v2\/media?parent=845"}],"wp:term":[{"taxonomy":"product_brand","embeddable":true,"href":"https:\/\/olabomba.com\/index.php\/wp-json\/wp\/v2\/product_brand?post=845"},{"taxonomy":"product_cat","embeddable":true,"href":"https:\/\/olabomba.com\/index.php\/wp-json\/wp\/v2\/product_cat?post=845"},{"taxonomy":"product_tag","embeddable":true,"href":"https:\/\/olabomba.com\/index.php\/wp-json\/wp\/v2\/product_tag?post=845"}],"curies":[{"name":"wp","href":"https:\/\/api.w.org\/{rel}","templated":true}]}}