{"id":1540,"date":"2024-06-04T17:56:59","date_gmt":"2024-06-04T15:56:59","guid":{"rendered":"https:\/\/olabomba.com\/?post_type=product&#038;p=1540"},"modified":"2024-07-16T00:01:46","modified_gmt":"2024-07-15T22:01:46","slug":"wyroznijsie","status":"publish","type":"product","link":"https:\/\/olabomba.com\/index.php\/produkt\/wyroznijsie\/","title":{"rendered":"WARSZTATY Wyr\u00f3\u017cnij si\u0119!"},"content":{"rendered":"","protected":false},"excerpt":{"rendered":"<p>PRZEDSPRZEDA\u017b!<br \/>\nWarsztaty odb\u0119d\u0105 si\u0119 16 i 18 lipca<br \/>\nTak, b\u0119d\u0105 nagrywane \ud83d\ude42<\/p>\n","protected":false},"featured_media":1542,"template":"","meta":{"_uag_custom_page_level_css":"","neve_meta_sidebar":"","neve_meta_container":"","neve_meta_enable_content_width":"off","neve_meta_content_width":100,"neve_meta_title_alignment":"","neve_meta_author_avatar":"","neve_post_elements_order":"","neve_meta_disable_header":"","neve_meta_disable_footer":"","neve_meta_disable_title":""},"product_brand":[],"product_cat":[19],"product_tag":[],"class_list":{"0":"post-1540","1":"product","2":"type-product","3":"status-publish","4":"has-post-thumbnail","6":"product_cat-bez-kategorii","8":"first","9":"instock","10":"sale","11":"taxable","12":"shipping-taxable","13":"purchasable","14":"product-type-simple"},"uagb_featured_image_src":{"full":["https:\/\/olabomba.com\/wp-content\/uploads\/2024\/06\/Zrzut-ekranu-2024-06-05-o-22.21.26.png",1738,974,false],"thumbnail":["https:\/\/olabomba.com\/wp-content\/uploads\/2024\/06\/Zrzut-ekranu-2024-06-05-o-22.21.26-150x150.png",150,150,true],"medium":["https:\/\/olabomba.com\/wp-content\/uploads\/2024\/06\/Zrzut-ekranu-2024-06-05-o-22.21.26-300x168.png",300,168,true],"medium_large":["https:\/\/olabomba.com\/wp-content\/uploads\/2024\/06\/Zrzut-ekranu-2024-06-05-o-22.21.26-768x430.png",768,430,true],"large":["https:\/\/olabomba.com\/wp-content\/uploads\/2024\/06\/Zrzut-ekranu-2024-06-05-o-22.21.26-1024x574.png",1024,574,true],"1536x1536":["https:\/\/olabomba.com\/wp-content\/uploads\/2024\/06\/Zrzut-ekranu-2024-06-05-o-22.21.26-1536x861.png",1536,861,true],"2048x2048":["https:\/\/olabomba.com\/wp-content\/uploads\/2024\/06\/Zrzut-ekranu-2024-06-05-o-22.21.26.png",1738,974,false],"neve-blog":["https:\/\/olabomba.com\/wp-content\/uploads\/2024\/06\/Zrzut-ekranu-2024-06-05-o-22.21.26-930x620.png",930,620,true],"woocommerce_thumbnail":["https:\/\/olabomba.com\/wp-content\/uploads\/2024\/06\/Zrzut-ekranu-2024-06-05-o-22.21.26-300x300.png",300,300,true],"woocommerce_single":["https:\/\/olabomba.com\/wp-content\/uploads\/2024\/06\/Zrzut-ekranu-2024-06-05-o-22.21.26-600x336.png",600,336,true],"woocommerce_gallery_thumbnail":["https:\/\/olabomba.com\/wp-content\/uploads\/2024\/06\/Zrzut-ekranu-2024-06-05-o-22.21.26-100x100.png",100,100,true]},"uagb_author_info":{"display_name":"ola","author_link":"https:\/\/olabomba.com\/index.php\/author\/"},"uagb_comment_info":0,"uagb_excerpt":"PRZEDSPRZEDA\u017b! Warsztaty odb\u0119d\u0105 si\u0119 16 i 18 lipca Tak, b\u0119d\u0105 nagrywane :)","_links":{"self":[{"href":"https:\/\/olabomba.com\/index.php\/wp-json\/wp\/v2\/product\/1540","targetHints":{"allow":["GET"]}}],"collection":[{"href":"https:\/\/olabomba.com\/index.php\/wp-json\/wp\/v2\/product"}],"about":[{"href":"https:\/\/olabomba.com\/index.php\/wp-json\/wp\/v2\/types\/product"}],"version-history":[{"count":1,"href":"https:\/\/olabomba.com\/index.php\/wp-json\/wp\/v2\/product\/1540\/revisions"}],"predecessor-version":[{"id":1685,"href":"https:\/\/olabomba.com\/index.php\/wp-json\/wp\/v2\/product\/1540\/revisions\/1685"}],"wp:featuredmedia":[{"embeddable":true,"href":"https:\/\/olabomba.com\/index.php\/wp-json\/wp\/v2\/media\/1542"}],"wp:attachment":[{"href":"https:\/\/olabomba.com\/index.php\/wp-json\/wp\/v2\/media?parent=1540"}],"wp:term":[{"taxonomy":"product_brand","embeddable":true,"href":"https:\/\/olabomba.com\/index.php\/wp-json\/wp\/v2\/product_brand?post=1540"},{"taxonomy":"product_cat","embeddable":true,"href":"https:\/\/olabomba.com\/index.php\/wp-json\/wp\/v2\/product_cat?post=1540"},{"taxonomy":"product_tag","embeddable":true,"href":"https:\/\/olabomba.com\/index.php\/wp-json\/wp\/v2\/product_tag?post=1540"}],"curies":[{"name":"wp","href":"https:\/\/api.w.org\/{rel}","templated":true}]}}