{"id":1508,"date":"2024-03-26T10:30:59","date_gmt":"2024-03-26T09:30:59","guid":{"rendered":"https:\/\/olabomba.com\/?post_type=product&#038;p=1508"},"modified":"2024-03-26T12:51:57","modified_gmt":"2024-03-26T11:51:57","slug":"miesiac","status":"publish","type":"product","link":"https:\/\/olabomba.com\/index.php\/produkt\/miesiac\/","title":{"rendered":"Miesi\u0119czna wsp\u00f3\u0142praca 1:1"},"content":{"rendered":"","protected":true},"excerpt":{"rendered":"","protected":true},"featured_media":1509,"template":"","meta":{"_uag_custom_page_level_css":"","neve_meta_sidebar":"","neve_meta_container":"","neve_meta_enable_content_width":"off","neve_meta_content_width":100,"neve_meta_title_alignment":"","neve_meta_author_avatar":"","neve_post_elements_order":"","neve_meta_disable_header":"","neve_meta_disable_footer":"","neve_meta_disable_title":""},"product_brand":[],"product_cat":[19],"product_tag":[],"class_list":{"0":"post-1508","1":"product","2":"type-product","3":"status-publish","4":"post-password-required","6":"product_cat-bez-kategorii","8":"first","9":"instock","10":"taxable","11":"shipping-taxable","12":"purchasable","13":"product-type-simple"},"uagb_featured_image_src":{"full":["https:\/\/olabomba.com\/wp-content\/uploads\/2024\/03\/Zrzut-ekranu-2024-03-26-o-19.45.49.png",572,570,false],"thumbnail":["https:\/\/olabomba.com\/wp-content\/uploads\/2024\/03\/Zrzut-ekranu-2024-03-26-o-19.45.49-150x150.png",150,150,true],"medium":["https:\/\/olabomba.com\/wp-content\/uploads\/2024\/03\/Zrzut-ekranu-2024-03-26-o-19.45.49-300x300.png",300,300,true],"medium_large":["https:\/\/olabomba.com\/wp-content\/uploads\/2024\/03\/Zrzut-ekranu-2024-03-26-o-19.45.49.png",572,570,false],"large":["https:\/\/olabomba.com\/wp-content\/uploads\/2024\/03\/Zrzut-ekranu-2024-03-26-o-19.45.49.png",572,570,false],"1536x1536":["https:\/\/olabomba.com\/wp-content\/uploads\/2024\/03\/Zrzut-ekranu-2024-03-26-o-19.45.49.png",572,570,false],"2048x2048":["https:\/\/olabomba.com\/wp-content\/uploads\/2024\/03\/Zrzut-ekranu-2024-03-26-o-19.45.49.png",572,570,false],"neve-blog":["https:\/\/olabomba.com\/wp-content\/uploads\/2024\/03\/Zrzut-ekranu-2024-03-26-o-19.45.49.png",572,570,false],"woocommerce_thumbnail":["https:\/\/olabomba.com\/wp-content\/uploads\/2024\/03\/Zrzut-ekranu-2024-03-26-o-19.45.49-300x300.png",300,300,true],"woocommerce_single":["https:\/\/olabomba.com\/wp-content\/uploads\/2024\/03\/Zrzut-ekranu-2024-03-26-o-19.45.49.png",572,570,false],"woocommerce_gallery_thumbnail":["https:\/\/olabomba.com\/wp-content\/uploads\/2024\/03\/Zrzut-ekranu-2024-03-26-o-19.45.49-100x100.png",100,100,true]},"uagb_author_info":{"display_name":"ola","author_link":"https:\/\/olabomba.com\/index.php\/author\/"},"uagb_comment_info":0,"uagb_excerpt":"Brak zajawki, poniewa\u017c wpis jest zabezpieczony has\u0142em.","_links":{"self":[{"href":"https:\/\/olabomba.com\/index.php\/wp-json\/wp\/v2\/product\/1508","targetHints":{"allow":["GET"]}}],"collection":[{"href":"https:\/\/olabomba.com\/index.php\/wp-json\/wp\/v2\/product"}],"about":[{"href":"https:\/\/olabomba.com\/index.php\/wp-json\/wp\/v2\/types\/product"}],"version-history":[{"count":1,"href":"https:\/\/olabomba.com\/index.php\/wp-json\/wp\/v2\/product\/1508\/revisions"}],"predecessor-version":[{"id":1510,"href":"https:\/\/olabomba.com\/index.php\/wp-json\/wp\/v2\/product\/1508\/revisions\/1510"}],"wp:featuredmedia":[{"embeddable":true,"href":"https:\/\/olabomba.com\/index.php\/wp-json\/wp\/v2\/media\/1509"}],"wp:attachment":[{"href":"https:\/\/olabomba.com\/index.php\/wp-json\/wp\/v2\/media?parent=1508"}],"wp:term":[{"taxonomy":"product_brand","embeddable":true,"href":"https:\/\/olabomba.com\/index.php\/wp-json\/wp\/v2\/product_brand?post=1508"},{"taxonomy":"product_cat","embeddable":true,"href":"https:\/\/olabomba.com\/index.php\/wp-json\/wp\/v2\/product_cat?post=1508"},{"taxonomy":"product_tag","embeddable":true,"href":"https:\/\/olabomba.com\/index.php\/wp-json\/wp\/v2\/product_tag?post=1508"}],"curies":[{"name":"wp","href":"https:\/\/api.w.org\/{rel}","templated":true}]}}