{"id":1324,"date":"2024-01-23T22:00:07","date_gmt":"2024-01-23T21:00:07","guid":{"rendered":"https:\/\/olabomba.com\/?post_type=product&#038;p=1324"},"modified":"2025-01-20T17:52:31","modified_gmt":"2025-01-20T16:52:31","slug":"idealnaklientka","status":"publish","type":"product","link":"https:\/\/olabomba.com\/index.php\/produkt\/idealnaklientka\/","title":{"rendered":"Program: Idealna Klientka"},"content":{"rendered":"<div>\n<div><\/div>\n<p>&nbsp;<\/p>\n<\/div>\n<p>&nbsp;<\/p>\n<p>Bior\u0105c udzia\u0142 w kursie:<br \/>\n\u2013 zgadzasz si\u0119 na nagranie kursu postaci pliku video, zapisuj\u0105cego jego przebieg. Zostanie utrwalony wizerunek i g\u0142os uczestniczek kursu (o ile b\u0119d\u0105 mia\u0142y w\u0142\u0105czone kamery oraz mikrofon, a tak\u017ce o ile b\u0119d\u0105 bra\u0107 czynny udzia\u0142 w kursie), co wi\u0105\u017ce si\u0119 z ich utrwaleniem i dalszym rozpowszechnianiem m.in.: w celu dalszej sprzeda\u017cy i udost\u0119pniania kursu za po\u015brednictwem strony internetowej olabomba.com. Bior\u0105c czynny udzia\u0142 w kursie zgadzasz si\u0119 na wykorzystanie Twojego wizerunku w ww. zakresie. Je\u017celi nie wyra\u017casz zgody na utrwalenie Twojego wizerunku nie w\u0142\u0105czaj kamery i mikrofonu, a je\u015bli nie zgadzasz si\u0119 r\u00f3wnie\u017c na nagrywanie Twoich danych w postaci nazwy nadanej sobie na wideorozmow\u0119 \u2013 nie bierz udzia\u0142u w kursie na \u017cywo.<br \/>\n\u2013 wiesz, \u017ce rezultaty dzia\u0142ania zale\u017c\u0105 od w\u0142o\u017conej przez Ciebie pracy, energii i podekscytowania!<\/p>\n<p>&nbsp;<\/p>\n","protected":false},"excerpt":{"rendered":"<p>&nbsp; &nbsp; Bior\u0105c udzia\u0142 w kursie: \u2013 zgadzasz si\u0119 na nagranie kursu postaci pliku video, zapisuj\u0105cego jego przebieg. Zostanie utrwalony wizerunek i g\u0142os uczestniczek kursu (o ile b\u0119d\u0105 mia\u0142y w\u0142\u0105czone kamery oraz mikrofon, a tak\u017ce o ile b\u0119d\u0105 bra\u0107 czynny udzia\u0142 w kursie), co wi\u0105\u017ce si\u0119 z ich utrwaleniem i dalszym rozpowszechnianiem m.in.: w celu dalszej sprzeda\u017cy i udost\u0119pniania kursu za po\u015brednictwem strony internetowej olabomba.com. Bior\u0105c czynny udzia\u0142 w kursie zgadzasz si\u0119 na wykorzystanie Twojego wizerunku w ww. zakresie. Je\u017celi nie wyra\u017casz zgody na utrwalenie Twojego wizerunku nie w\u0142\u0105czaj kamery i mikrofonu, a je\u015bli nie zgadzasz si\u0119 r\u00f3wnie\u017c na nagrywanie Twoich danych w postaci nazwy nadanej sobie na wideorozmow\u0119 \u2013 nie bierz udzia\u0142u w kursie na \u017cywo. \u2013 wiesz, \u017ce rezultaty dzia\u0142ania zale\u017c\u0105 od w\u0142o\u017conej przez Ciebie pracy, energii i podekscytowania! &nbsp;<\/p>\n","protected":false},"featured_media":1323,"template":"","meta":{"_uag_custom_page_level_css":"","neve_meta_sidebar":"","neve_meta_container":"","neve_meta_enable_content_width":"off","neve_meta_content_width":100,"neve_meta_title_alignment":"","neve_meta_author_avatar":"","neve_post_elements_order":"","neve_meta_disable_header":"","neve_meta_disable_footer":"","neve_meta_disable_title":""},"product_brand":[],"product_cat":[19],"product_tag":[],"class_list":{"0":"post-1324","1":"product","2":"type-product","3":"status-publish","4":"has-post-thumbnail","6":"product_cat-bez-kategorii","8":"first","9":"instock","10":"taxable","11":"shipping-taxable","12":"purchasable","13":"product-type-simple"},"uagb_featured_image_src":{"full":["https:\/\/olabomba.com\/wp-content\/uploads\/2024\/01\/Zrzut-ekranu-2024-01-23-o-21.56.46.png",690,860,false],"thumbnail":["https:\/\/olabomba.com\/wp-content\/uploads\/2024\/01\/Zrzut-ekranu-2024-01-23-o-21.56.46-150x150.png",150,150,true],"medium":["https:\/\/olabomba.com\/wp-content\/uploads\/2024\/01\/Zrzut-ekranu-2024-01-23-o-21.56.46-241x300.png",241,300,true],"medium_large":["https:\/\/olabomba.com\/wp-content\/uploads\/2024\/01\/Zrzut-ekranu-2024-01-23-o-21.56.46.png",690,860,false],"large":["https:\/\/olabomba.com\/wp-content\/uploads\/2024\/01\/Zrzut-ekranu-2024-01-23-o-21.56.46.png",690,860,false],"1536x1536":["https:\/\/olabomba.com\/wp-content\/uploads\/2024\/01\/Zrzut-ekranu-2024-01-23-o-21.56.46.png",690,860,false],"2048x2048":["https:\/\/olabomba.com\/wp-content\/uploads\/2024\/01\/Zrzut-ekranu-2024-01-23-o-21.56.46.png",690,860,false],"neve-blog":["https:\/\/olabomba.com\/wp-content\/uploads\/2024\/01\/Zrzut-ekranu-2024-01-23-o-21.56.46-690x620.png",690,620,true],"woocommerce_thumbnail":["https:\/\/olabomba.com\/wp-content\/uploads\/2024\/01\/Zrzut-ekranu-2024-01-23-o-21.56.46-300x300.png",300,300,true],"woocommerce_single":["https:\/\/olabomba.com\/wp-content\/uploads\/2024\/01\/Zrzut-ekranu-2024-01-23-o-21.56.46-600x748.png",600,748,true],"woocommerce_gallery_thumbnail":["https:\/\/olabomba.com\/wp-content\/uploads\/2024\/01\/Zrzut-ekranu-2024-01-23-o-21.56.46-100x100.png",100,100,true]},"uagb_author_info":{"display_name":"ola","author_link":"https:\/\/olabomba.com\/index.php\/author\/"},"uagb_comment_info":0,"uagb_excerpt":"&nbsp; &nbsp; Bior\u0105c udzia\u0142 w kursie: \u2013 zgadzasz si\u0119 na nagranie kursu postaci pliku video, zapisuj\u0105cego jego przebieg. Zostanie utrwalony wizerunek i g\u0142os uczestniczek kursu (o ile b\u0119d\u0105 mia\u0142y w\u0142\u0105czone kamery oraz mikrofon, a tak\u017ce o ile b\u0119d\u0105 bra\u0107 czynny udzia\u0142 w kursie), co wi\u0105\u017ce si\u0119 z ich utrwaleniem i dalszym rozpowszechnianiem m.in.: w celu&hellip;","_links":{"self":[{"href":"https:\/\/olabomba.com\/index.php\/wp-json\/wp\/v2\/product\/1324","targetHints":{"allow":["GET"]}}],"collection":[{"href":"https:\/\/olabomba.com\/index.php\/wp-json\/wp\/v2\/product"}],"about":[{"href":"https:\/\/olabomba.com\/index.php\/wp-json\/wp\/v2\/types\/product"}],"version-history":[{"count":0,"href":"https:\/\/olabomba.com\/index.php\/wp-json\/wp\/v2\/product\/1324\/revisions"}],"wp:featuredmedia":[{"embeddable":true,"href":"https:\/\/olabomba.com\/index.php\/wp-json\/wp\/v2\/media\/1323"}],"wp:attachment":[{"href":"https:\/\/olabomba.com\/index.php\/wp-json\/wp\/v2\/media?parent=1324"}],"wp:term":[{"taxonomy":"product_brand","embeddable":true,"href":"https:\/\/olabomba.com\/index.php\/wp-json\/wp\/v2\/product_brand?post=1324"},{"taxonomy":"product_cat","embeddable":true,"href":"https:\/\/olabomba.com\/index.php\/wp-json\/wp\/v2\/product_cat?post=1324"},{"taxonomy":"product_tag","embeddable":true,"href":"https:\/\/olabomba.com\/index.php\/wp-json\/wp\/v2\/product_tag?post=1324"}],"curies":[{"name":"wp","href":"https:\/\/api.w.org\/{rel}","templated":true}]}}