{"id":1116,"date":"2023-11-07T15:58:40","date_gmt":"2023-11-07T14:58:40","guid":{"rendered":"https:\/\/olabomba.com\/?post_type=product&#038;p=1116"},"modified":"2025-01-20T18:27:09","modified_gmt":"2025-01-20T17:27:09","slug":"program-tresci-ktore-sprzedaja-platnosc-jednorazowa-spotkanie","status":"publish","type":"product","link":"https:\/\/olabomba.com\/index.php\/produkt\/program-tresci-ktore-sprzedaja-platnosc-jednorazowa-spotkanie\/","title":{"rendered":"Program: Tre\u015bci, kt\u00f3re sprzedaj\u0105 (p\u0142atno\u015b\u0107 jednorazowa) + spotkanie"},"content":{"rendered":"<p><strong><br \/>\n<\/strong>Maile z kalendarzem do zabookowania spotka\u0144 audytowych zostan\u0105 rozes\u0142ane w najbli\u017cszym czasie<\/p>\n","protected":false},"excerpt":{"rendered":"<p>Maile z kalendarzem do zabookowania spotka\u0144 audytowych zostan\u0105 rozes\u0142ane w najbli\u017cszym czasie<\/p>\n","protected":false},"featured_media":1086,"template":"","meta":{"_uag_custom_page_level_css":"","neve_meta_sidebar":"","neve_meta_container":"","neve_meta_enable_content_width":"off","neve_meta_content_width":100,"neve_meta_title_alignment":"","neve_meta_author_avatar":"","neve_post_elements_order":"","neve_meta_disable_header":"","neve_meta_disable_footer":"","neve_meta_disable_title":""},"product_brand":[],"product_cat":[19],"product_tag":[],"class_list":{"0":"post-1116","1":"product","2":"type-product","3":"status-publish","4":"has-post-thumbnail","6":"product_cat-bez-kategorii","8":"first","9":"instock","10":"taxable","11":"shipping-taxable","12":"purchasable","13":"product-type-simple"},"uagb_featured_image_src":{"full":["https:\/\/olabomba.com\/wp-content\/uploads\/2023\/11\/A-co-uczestniczki-poprzedniej-edycji-powiedzialy-o-mastermindzie-1.png",1080,1350,false],"thumbnail":["https:\/\/olabomba.com\/wp-content\/uploads\/2023\/11\/A-co-uczestniczki-poprzedniej-edycji-powiedzialy-o-mastermindzie-1-150x150.png",150,150,true],"medium":["https:\/\/olabomba.com\/wp-content\/uploads\/2023\/11\/A-co-uczestniczki-poprzedniej-edycji-powiedzialy-o-mastermindzie-1-240x300.png",240,300,true],"medium_large":["https:\/\/olabomba.com\/wp-content\/uploads\/2023\/11\/A-co-uczestniczki-poprzedniej-edycji-powiedzialy-o-mastermindzie-1-768x960.png",768,960,true],"large":["https:\/\/olabomba.com\/wp-content\/uploads\/2023\/11\/A-co-uczestniczki-poprzedniej-edycji-powiedzialy-o-mastermindzie-1-819x1024.png",819,1024,true],"1536x1536":["https:\/\/olabomba.com\/wp-content\/uploads\/2023\/11\/A-co-uczestniczki-poprzedniej-edycji-powiedzialy-o-mastermindzie-1.png",1080,1350,false],"2048x2048":["https:\/\/olabomba.com\/wp-content\/uploads\/2023\/11\/A-co-uczestniczki-poprzedniej-edycji-powiedzialy-o-mastermindzie-1.png",1080,1350,false],"neve-blog":["https:\/\/olabomba.com\/wp-content\/uploads\/2023\/11\/A-co-uczestniczki-poprzedniej-edycji-powiedzialy-o-mastermindzie-1-930x620.png",930,620,true],"woocommerce_thumbnail":["https:\/\/olabomba.com\/wp-content\/uploads\/2023\/11\/A-co-uczestniczki-poprzedniej-edycji-powiedzialy-o-mastermindzie-1-300x300.png",300,300,true],"woocommerce_single":["https:\/\/olabomba.com\/wp-content\/uploads\/2023\/11\/A-co-uczestniczki-poprzedniej-edycji-powiedzialy-o-mastermindzie-1-600x750.png",600,750,true],"woocommerce_gallery_thumbnail":["https:\/\/olabomba.com\/wp-content\/uploads\/2023\/11\/A-co-uczestniczki-poprzedniej-edycji-powiedzialy-o-mastermindzie-1-100x100.png",100,100,true]},"uagb_author_info":{"display_name":"ola","author_link":"https:\/\/olabomba.com\/index.php\/author\/"},"uagb_comment_info":0,"uagb_excerpt":"Maile z kalendarzem do zabookowania spotka\u0144 audytowych zostan\u0105 rozes\u0142ane w najbli\u017cszym czasie","_links":{"self":[{"href":"https:\/\/olabomba.com\/index.php\/wp-json\/wp\/v2\/product\/1116","targetHints":{"allow":["GET"]}}],"collection":[{"href":"https:\/\/olabomba.com\/index.php\/wp-json\/wp\/v2\/product"}],"about":[{"href":"https:\/\/olabomba.com\/index.php\/wp-json\/wp\/v2\/types\/product"}],"version-history":[{"count":0,"href":"https:\/\/olabomba.com\/index.php\/wp-json\/wp\/v2\/product\/1116\/revisions"}],"wp:featuredmedia":[{"embeddable":true,"href":"https:\/\/olabomba.com\/index.php\/wp-json\/wp\/v2\/media\/1086"}],"wp:attachment":[{"href":"https:\/\/olabomba.com\/index.php\/wp-json\/wp\/v2\/media?parent=1116"}],"wp:term":[{"taxonomy":"product_brand","embeddable":true,"href":"https:\/\/olabomba.com\/index.php\/wp-json\/wp\/v2\/product_brand?post=1116"},{"taxonomy":"product_cat","embeddable":true,"href":"https:\/\/olabomba.com\/index.php\/wp-json\/wp\/v2\/product_cat?post=1116"},{"taxonomy":"product_tag","embeddable":true,"href":"https:\/\/olabomba.com\/index.php\/wp-json\/wp\/v2\/product_tag?post=1116"}],"curies":[{"name":"wp","href":"https:\/\/api.w.org\/{rel}","templated":true}]}}