{"id":868,"date":"2023-09-05T17:39:38","date_gmt":"2023-09-05T15:39:38","guid":{"rendered":"https:\/\/olabomba.com\/?page_id=868"},"modified":"2023-11-15T20:46:57","modified_gmt":"2023-11-15T19:46:57","slug":"oferta","status":"publish","type":"page","link":"https:\/\/olabomba.com\/index.php\/oferta\/","title":{"rendered":"Oferta"},"content":{"rendered":"\n<div class=\"wp-block-cover alignfull\"><span aria-hidden=\"true\" class=\"wp-block-cover__background has-nv-light-bg-background-color has-background-dim-100 has-background-dim\"><\/span><div class=\"wp-block-cover__inner-container is-layout-constrained wp-block-cover-is-layout-constrained\">\n<h2 class=\"wp-block-heading has-nv-light-bg-background-color has-background\"><\/h2>\n\n\n\n<div class=\"wp-block-group has-nv-light-bg-background-color has-background\"><div class=\"wp-block-group__inner-container is-layout-constrained wp-block-group-is-layout-constrained\">\n<div class=\"wp-block-columns has-nv-light-bg-background-color has-background is-layout-flex wp-container-core-columns-is-layout-9d6595d7 wp-block-columns-is-layout-flex\">\n<div class=\"wp-block-column is-vertically-aligned-top is-layout-flow wp-block-column-is-layout-flow\" style=\"flex-basis:33.34%\">\n<div class=\"wp-block-cover is-light\" style=\"min-height:496px;aspect-ratio:unset;\"><span aria-hidden=\"true\" class=\"wp-block-cover__background has-nv-light-bg-background-color has-background-dim-10 has-background-dim\"><\/span><img fetchpriority=\"high\" decoding=\"async\" width=\"1080\" height=\"1350\" class=\"wp-block-cover__image-background wp-image-1086\" alt=\"tre\u015bci, kt\u00f3re sprzedaj\u0105\" src=\"https:\/\/olabomba.com\/wp-content\/uploads\/2023\/11\/A-co-uczestniczki-poprzedniej-edycji-powiedzialy-o-mastermindzie-1.png\" data-object-fit=\"cover\" srcset=\"https:\/\/olabomba.com\/wp-content\/uploads\/2023\/11\/A-co-uczestniczki-poprzedniej-edycji-powiedzialy-o-mastermindzie-1.png 1080w, https:\/\/olabomba.com\/wp-content\/uploads\/2023\/11\/A-co-uczestniczki-poprzedniej-edycji-powiedzialy-o-mastermindzie-1-240x300.png 240w, https:\/\/olabomba.com\/wp-content\/uploads\/2023\/11\/A-co-uczestniczki-poprzedniej-edycji-powiedzialy-o-mastermindzie-1-819x1024.png 819w, https:\/\/olabomba.com\/wp-content\/uploads\/2023\/11\/A-co-uczestniczki-poprzedniej-edycji-powiedzialy-o-mastermindzie-1-768x960.png 768w, https:\/\/olabomba.com\/wp-content\/uploads\/2023\/11\/A-co-uczestniczki-poprzedniej-edycji-powiedzialy-o-mastermindzie-1-600x750.png 600w\" sizes=\"(max-width: 1080px) 100vw, 1080px\" \/><div class=\"wp-block-cover__inner-container is-layout-constrained wp-block-cover-is-layout-constrained\">\n<p class=\"has-text-align-center has-large-font-size\"><\/p>\n<\/div><\/div>\n\n\n\n<div style=\"height:35px\" aria-hidden=\"true\" class=\"wp-block-spacer\"><\/div>\n\n\n\n<h3 class=\"wp-block-heading has-text-align-center has-neve-link-color-color has-text-color\">PROGRAM: Tre$ci, kt\u00f3re sprzedaj\u0105&nbsp;<strong>\ud83d\udd25<\/strong><\/h3>\n\n\n\n<p class=\"has-text-align-center has-neve-link-color-color has-text-color\">Zacznij tworzy\u0107 takie <strong>tre\u015bci swojej marki osobistej<\/strong>, kt\u00f3re <strong>przyci\u0105gaj\u0105 p\u0142ac\u0105cych klient\u00f3w.<\/strong> Tw\u00f3rz tre\u015bci <strong>szybko, trafnie<\/strong> i w taki spos\u00f3b, by\u015b <strong>dostawa\u0142a DMy z wiadomo\u015bciami &#8222;Uwielbiam Twoj\u0105 mark\u0119! Prze\u015blij prosz\u0119 link do zakupu!&#8221;<\/strong><\/p>\n\n\n\n<div class=\"wp-block-uagb-buttons uagb-buttons__outer-wrap uagb-btn__default-btn uagb-btn-tablet__default-btn uagb-btn-mobile__default-btn uagb-block-20876459\"><div class=\"uagb-buttons__wrap uagb-buttons-layout-wrap\">\n<div class=\"wp-block-uagb-buttons-child uagb-buttons__outer-wrap uagb-block-0987ec54 wp-block-button\"><div class=\"uagb-button__wrapper\"><a class=\"uagb-buttons-repeater wp-block-button__link\" href=\"https:\/\/olabomba.com\/index.php\/tresci\/\" onclick=\"return true;\" rel=\"follow noopener\" target=\"_self\"><div class=\"uagb-button__link\">SPRAWDZAM I DO\u0141\u0104CZAM!<\/div><\/a><\/div><\/div>\n<\/div><\/div>\n<\/div>\n\n\n\n<div class=\"wp-block-column is-layout-flow wp-block-column-is-layout-flow\" style=\"flex-basis:33.34%\"><\/div>\n\n\n\n<div class=\"wp-block-column is-layout-flow wp-block-column-is-layout-flow\" style=\"flex-basis:33.33%\"><\/div>\n<\/div>\n<\/div><\/div>\n\n\n\n<div style=\"height:100px\" aria-hidden=\"true\" class=\"wp-block-spacer\"><\/div>\n<\/div><\/div>\n","protected":false},"excerpt":{"rendered":"","protected":false},"author":2,"featured_media":0,"parent":0,"menu_order":0,"comment_status":"closed","ping_status":"closed","template":"","meta":{"_uag_custom_page_level_css":"","neve_meta_sidebar":"","neve_meta_container":"","neve_meta_enable_content_width":"","neve_meta_content_width":0,"neve_meta_title_alignment":"","neve_meta_author_avatar":"","neve_post_elements_order":"","neve_meta_disable_header":"off","neve_meta_disable_footer":"","neve_meta_disable_title":"on","footnotes":""},"class_list":["post-868","page","type-page","status-publish","hentry"],"uagb_featured_image_src":{"full":false,"thumbnail":false,"medium":false,"medium_large":false,"large":false,"1536x1536":false,"2048x2048":false,"neve-blog":false,"woocommerce_thumbnail":false,"woocommerce_single":false,"woocommerce_gallery_thumbnail":false},"uagb_author_info":{"display_name":"Agata Gregorek","author_link":"https:\/\/olabomba.com\/index.php\/author\/agata\/"},"uagb_comment_info":0,"uagb_excerpt":null,"_links":{"self":[{"href":"https:\/\/olabomba.com\/index.php\/wp-json\/wp\/v2\/pages\/868","targetHints":{"allow":["GET"]}}],"collection":[{"href":"https:\/\/olabomba.com\/index.php\/wp-json\/wp\/v2\/pages"}],"about":[{"href":"https:\/\/olabomba.com\/index.php\/wp-json\/wp\/v2\/types\/page"}],"author":[{"embeddable":true,"href":"https:\/\/olabomba.com\/index.php\/wp-json\/wp\/v2\/users\/2"}],"replies":[{"embeddable":true,"href":"https:\/\/olabomba.com\/index.php\/wp-json\/wp\/v2\/comments?post=868"}],"version-history":[{"count":28,"href":"https:\/\/olabomba.com\/index.php\/wp-json\/wp\/v2\/pages\/868\/revisions"}],"predecessor-version":[{"id":1217,"href":"https:\/\/olabomba.com\/index.php\/wp-json\/wp\/v2\/pages\/868\/revisions\/1217"}],"wp:attachment":[{"href":"https:\/\/olabomba.com\/index.php\/wp-json\/wp\/v2\/media?parent=868"}],"curies":[{"name":"wp","href":"https:\/\/api.w.org\/{rel}","templated":true}]}}