{"id":3,"date":"2022-05-23T13:14:47","date_gmt":"2022-05-23T11:14:47","guid":{"rendered":"https:\/\/olabomba.com\/?page_id=3"},"modified":"2023-11-13T10:59:46","modified_gmt":"2023-11-13T09:59:46","slug":"polityka-prywatnosci","status":"publish","type":"page","link":"https:\/\/olabomba.com\/index.php\/polityka-prywatnosci\/","title":{"rendered":"POLITYKA PRYWATNO\u015aCI SKLEPU INTERNETOWEGO"},"content":{"rendered":"\n<div class=\"wp-block-uagb-separator uagb-block-ecfdbe1c\"><div class=\"wp-block-uagb-separator__inner\" style=\"--my-background-image:\"><\/div><\/div>\n\n\n\n<h1 class=\"wp-block-heading has-text-align-center\">POLITYKA PRYWATNO\u015aCI SKLEPU INTERNETOWEGO<\/h1>\n\n\n\n<p class=\"has-text-align-center\"><strong>WWW.OLABOMBA.COM<\/strong><\/p>\n\n\n\n<div class=\"wp-block-uagb-separator uagb-block-d300d653\"><div class=\"wp-block-uagb-separator__inner\" style=\"--my-background-image:\"><\/div><\/div>\n\n\n\n<p>Na tej stronie znajdziesz zasady przetwarzania danych osobowych, wykorzystywania plik\u00f3w cookie i innych technologii w zwi\u0105zku z korzystaniem przez Ciebie z Serwisu dost\u0119pnego pod adresem <a href=\"http:\/\/www.olabomba.com\" data-type=\"link\" data-id=\"www.olabomba.com\" target=\"_blank\" rel=\"noreferrer noopener\">www.olabomba.com<\/a>&nbsp;oraz z prowadzonych przez w\u0142a\u015bcicielk\u0119 profili w mediach spo\u0142eczno\u015bciowych.&nbsp;<\/p>\n\n\n\n<p>Polityka prywatno\u015bci ma zastosowanie zar\u00f3wno do witryny internetowej jak i us\u0142ug, kt\u00f3re zawieraj\u0105 do niej odes\u0142anie. W razie pyta\u0144 zwi\u0105zanych z Polityk\u0105 Prywatno\u015bci pisz na&nbsp;<a href=\"mailto:ola@olabomba.com\" target=\"_blank\" rel=\"noreferrer noopener\">ola@olabomba.com<\/a>.&nbsp;<\/p>\n\n\n\n<p>Ostatnia aktualizacja: 01.11.2023 r.<\/p>\n\n\n\n<div class=\"wp-block-uagb-separator uagb-block-d55da405\"><div class=\"wp-block-uagb-separator__inner\" style=\"--my-background-image:\"><\/div><\/div>\n\n\n\n<p class=\"has-text-align-center\"><strong>\u00a7 1<\/strong> <strong>POSTANOWIENIA OG\u00d3LNE<\/strong><\/p>\n\n\n\n<ol class=\"wp-block-list\" style=\"list-style-type:1\">\n<li>Administratorem danych osobowych zbieranych za po\u015brednictwem Sklepu internetowego www.olabomba.com jest Aleksandra Bomba wykonuj\u0105ca dzia\u0142alno\u015b\u0107 gospodarcz\u0105 pod firm\u0105 ALEKSANDRA BOMBA CREATIVE wpisan\u0105 do Centralnej Ewidencji i Informacji o Dzia\u0142alno\u015bci Gospodarczej Rzeczypospolitej Polskiej prowadzonej przez ministra w\u0142a\u015bciwego do spraw gospodarki, miejsce wykonywania dzia\u0142alno\u015bci oraz adres do dor\u0119cze\u0144: Plac \u017beromskiego 10, 26-400 Przysucha, NIP: 6010082528, REGON: 386741332, adres poczty elektronicznej (e-mail): olabomba.coach@gmail.com, numer telefonu: +48 697 899 989, zwana dalej \u201eAdministratorem&#8221; i b\u0119d\u0105ca jednocze\u015bnie \u201eUs\u0142ugodawc\u0105\u201d.<\/li>\n\n\n\n<li>Dane osobowe zbierane przez Administratora za po\u015brednictwem strony internetowej s\u0105 przetwarzane zgodnie z&nbsp;Rozporz\u0105dzeniem Parlamentu Europejskiego i&nbsp;Rady (UE) 2016\/679 z&nbsp;dnia 27 kwietnia 2016 r. w&nbsp;sprawie ochrony os\u00f3b fizycznych w&nbsp;zwi\u0105zku z&nbsp;przetwarzaniem danych osobowych i&nbsp;w sprawie swobodnego przep\u0142ywu takich danych oraz uchylenia dyrektywy 95\/46\/WE (og\u00f3lne rozporz\u0105dzenie o&nbsp;ochronie danych), zwane dalej <strong>RODO.<\/strong><\/li>\n\n\n\n<li>Wszelkie wyrazy lub wyra\u017cenia pisane w tre\u015bci niniejszej Polityki Prywatno\u015bci z du\u017cej litery nale\u017cy rozumie\u0107 zgodnie z ich definicj\u0105 zawart\u0105 w Regulaminie Sklepu internetowego www.olabomba.com<\/li>\n<\/ol>\n\n\n\n<p><\/p>\n\n\n\n<p class=\"has-text-align-center\"><strong>\u00a7 2<\/strong> <strong>RODZAJ PRZETWARZANYCH DANYCH OSOBOWYCH, CEL I ZAKRES ZBIERANIA DANYCH<\/strong><\/p>\n\n\n\n<ol class=\"wp-block-list\" style=\"list-style-type:1\">\n<li><strong>CEL PRZETWARZANIA I PODSTAWA PRAWNA.<\/strong> Administrator przetwarza dane osobowe Us\u0142ugobiorc\u00f3w Sklepu www.olabomba.com w przypadku:\n<ol class=\"wp-block-list\">\n<li>sk\u0142adania Zam\u00f3wienia w&nbsp;Sklepie, w&nbsp;celu wykonania Umowy Sprzeda\u017cy lub Umowy o dostarczenie Tre\u015bci Cyfrowej lub Us\u0142ugi Cyfrowej, na podstawie art. 6 ust. 1 lit. b) RODO (realizacja umowy),<\/li>\n\n\n\n<li>zapisania si\u0119 do Newslettera w celu przesy\u0142ania informacji handlowych drog\u0105 elektroniczn\u0105. Dane osobowe s\u0105 przetwarzane po wyra\u017ceniu odr\u0119bnej zgody, na podstawie art. 6 ust. 1 lit. a) RODO,<\/li>\n\n\n\n<li>skorzystania z Czatu, w celu wys\u0142ania wiadomo\u015bci do Administratora, na podstawie art. 6 ust. 1 lit. f) RODO (prawnie uzasadniony interes przedsi\u0119biorcy).<\/li>\n<\/ol>\n<\/li>\n\n\n\n<li><strong>RODZAJ PRZETWARZANYCH DANYCH OSOBOWYCH.<\/strong> Us\u0142ugobiorca podaje, w przypadku:\n<ol class=\"wp-block-list\">\n<li><strong>Zam\u00f3wienia<\/strong>: imi\u0119 i nazwisko, NIP, adres e-mail, numer telefonu,<\/li>\n\n\n\n<li><strong>Newslettera<\/strong>: imi\u0119, adres e-mail,<\/li>\n\n\n\n<li><strong>Czatu<\/strong>: imi\u0119, adres IP.<\/li>\n<\/ol>\n<\/li>\n\n\n\n<li><strong>OKRES ARCHIWIZACJI DANYCH OSOBOWYCH.<\/strong> Dane osobowe Us\u0142ugobiorc\u00f3w przechowywane s\u0105 przez Administratora:\n<ol class=\"wp-block-list\">\n<li>w przypadku, gdy podstaw\u0105 przetwarzania danych jest wykonanie umowy, tak d\u0142ugo, jak jest to niezb\u0119dne do wykonania umowy, a&nbsp;po tym czasie przez okres odpowiadaj\u0105cy okresowi przedawnienia roszcze\u0144. Je\u017celi przepis szczeg\u00f3lny nie stanowi inaczej, termin przedawnienia wynosi lat sze\u015b\u0107, a&nbsp;dla roszcze\u0144 o&nbsp;\u015bwiadczenia okresowe oraz roszcze\u0144 zwi\u0105zanych z&nbsp;prowadzeniem dzia\u0142alno\u015bci gospodarczej &#8211; trzy lata,<\/li>\n\n\n\n<li>w przypadku, gdy podstaw\u0105 przetwarzania danych jest zgoda, tak d\u0142ugo, a\u017c zgoda nie zostanie odwo\u0142ana, a&nbsp;po odwo\u0142aniu zgody przez okres czasu odpowiadaj\u0105cy okresowi przedawnienia roszcze\u0144 jakie mo\u017ce podnosi\u0107 Administrator i&nbsp;jakie mog\u0105 by\u0107 podnoszone wobec niego. Je\u017celi przepis szczeg\u00f3lny nie stanowi inaczej, termin przedawnienia wynosi lat sze\u015b\u0107, a&nbsp;dla roszcze\u0144 o&nbsp;\u015bwiadczenia okresowe oraz roszcze\u0144 zwi\u0105zanych z&nbsp;prowadzeniem dzia\u0142alno\u015bci gospodarczej &#8211; trzy lata.<\/li>\n<\/ol>\n<\/li>\n\n\n\n<li>Podczas korzystania ze Sklepu mog\u0105 by\u0107 pobierane dodatkowe informacje, w&nbsp;szczeg\u00f3lno\u015bci: adres IP przypisany do komputera Us\u0142ugobiorcy lub zewn\u0119trzny adres IP dostawcy Internetu, nazwa domeny, rodzaj przegl\u0105darki, czas dost\u0119pu, typ systemu operacyjnego.<\/li>\n\n\n\n<li>Po wyra\u017ceniu odr\u0119bnej zgody, na podstawie art. 6 ust. 1 lit. a) RODO dane mog\u0105 by\u0107 przetwarzane r\u00f3wnie\u017c w celu przesy\u0142ania informacji handlowych drog\u0105 elektroniczn\u0105 lub wykonywania telefonicznych po\u0142\u0105cze\u0144 w celu marketingu bezpo\u015bredniego \u2013 odpowiednio w zwi\u0105zku z art. 10 ust. 2 Ustawy z dnia 18 lipca 2002 roku o \u015bwiadczeniu us\u0142ug drog\u0105 elektroniczn\u0105 lub art. 172 ust. 1 Ustawy z dnia 16 lipca 2004 roku \u2013 Prawo Telekomunikacyjne, w tym kierowanych w wyniku profilowania, o ile Us\u0142ugobiorca wyrazi\u0142 stosown\u0105 zgod\u0119.<\/li>\n\n\n\n<li>Od Us\u0142ugobiorc\u00f3w mog\u0105 by\u0107 tak\u017ce gromadzone dane nawigacyjne, w&nbsp;tym informacje o&nbsp;linkach i&nbsp;odno\u015bnikach, w&nbsp;kt\u00f3re zdecyduj\u0105 si\u0119 klikn\u0105\u0107 lub innych czynno\u015bciach, podejmowanych w Sklepie. Podstaw\u0105 prawn\u0105 tego rodzaju czynno\u015bci jest prawnie uzasadniony interes Administratora (art. 6 ust. 1 lit. f RODO), polegaj\u0105cy na u\u0142atwieniu korzystania z&nbsp;us\u0142ug \u015bwiadczonych drog\u0105 elektroniczn\u0105 oraz na poprawie funkcjonalno\u015bci tych us\u0142ug.<\/li>\n\n\n\n<li>Podanie danych osobowych przez Us\u0142ugobiorc\u0119 jest dobrowolne.<\/li>\n\n\n\n<li>Administrator dok\u0142ada szczeg\u00f3lnej staranno\u015bci w celu ochrony interes\u00f3w os\u00f3b, kt\u00f3rych dane dotycz\u0105, a w szczeg\u00f3lno\u015bci zapewnia, \u017ce zbierane przez niego dane s\u0105:\n<ol class=\"wp-block-list\">\n<li>przetwarzane zgodnie z prawem,&nbsp;<\/li>\n\n\n\n<li>zbierane dla oznaczonych, zgodnych z prawem cel\u00f3w i niepoddawane dalszemu przetwarzaniu niezgodnemu z tymi celami,<\/li>\n\n\n\n<li>merytorycznie poprawne i adekwatne w stosunku do cel\u00f3w, w jakich s\u0105 przetwarzane oraz przechowywane w postaci umo\u017cliwiaj\u0105cej identyfikacj\u0119 os\u00f3b, kt\u00f3rych dotycz\u0105, nie d\u0142u\u017cej ni\u017c jest to niezb\u0119dne do osi\u0105gni\u0119cia celu przetwarzania.<\/li>\n<\/ol>\n<\/li>\n<\/ol>\n\n\n\n<p class=\"has-text-align-center\"><\/p>\n\n\n\n<p class=\"has-text-align-center\"><strong>\u00a7 3<\/strong> <strong>UDOST\u0118PNIENIE DANYCH OSOBOWYCH<\/strong><\/p>\n\n\n\n<ol class=\"wp-block-list\">\n<li>Dane osobowe Us\u0142ugobiorc\u00f3w przekazywane s\u0105 dostawcom us\u0142ug, z&nbsp;kt\u00f3rych korzysta Administrator przy prowadzeniu Sklepu, a w szczeg\u00f3lno\u015bci do:\n<ol class=\"wp-block-list\" start=\"1\">\n<li>dostawc\u00f3w system\u00f3w p\u0142atno\u015bci,<\/li>\n\n\n\n<li>biura ksi\u0119gowego,<\/li>\n\n\n\n<li>hostingodawcy,<\/li>\n\n\n\n<li>dostawcy oprogramowania umo\u017cliwiaj\u0105cego prowadzenie dzia\u0142alno\u015bci,<\/li>\n\n\n\n<li>podmiot\u00f3w zapewniaj\u0105cych system mailingowy,<\/li>\n\n\n\n<li>dostawcy oprogramowania potrzebnego do prowadzenia sklepu internetowego.<\/li>\n<\/ol>\n<\/li>\n\n\n\n<li>Dostawcy us\u0142ug, o kt\u00f3rych mowa w pkt 1 niniejszego paragrafu, kt\u00f3rym przekazywane s\u0105 dane osobowe, w&nbsp;zale\u017cno\u015bci od uzgodnie\u0144 umownych i&nbsp;okoliczno\u015bci, albo podlegaj\u0105 poleceniom Administratora co do cel\u00f3w i&nbsp;sposob\u00f3w przetwarzania tych danych (podmioty przetwarzaj\u0105ce) albo samodzielnie okre\u015blaj\u0105 cele i&nbsp;sposoby ich przetwarzania (administratorzy).<\/li>\n\n\n\n<li>Dane osobowe Us\u0142ugobiorc\u00f3w s\u0105 przechowywane wy\u0142\u0105cznie na terenie Europejskiego Obszaru Gospodarczego (EOG), z\u00a0zastrze\u017ceniem \u00a7 5 pkt 5 i 6 oraz \u00a7 6 Polityki Prywatno\u015bci.<\/li>\n<\/ol>\n\n\n\n<p class=\"has-text-align-center\"><\/p>\n\n\n\n<p class=\"has-text-align-center\"><strong>\u00a7 4<\/strong> <strong><strong>PRAWO KONTROLI, DOST\u0118PU DO TRE\u015aCI W\u0141ASNYCH DANYCH ORAZ ICH POPRAWIANIA<\/strong><\/strong><\/p>\n\n\n\n<ol class=\"wp-block-list\">\n<li>Osoba, kt\u00f3rej dane dotycz\u0105, ma prawo dost\u0119pu do tre\u015bci swoich danych osobowych oraz prawo ich sprostowania, usuni\u0119cia, ograniczenia przetwarzania, prawo do przenoszenia danych, prawo wniesienia sprzeciwu, prawo do cofni\u0119cia zgody w dowolnym momencie bez wp\u0142ywu na zgodno\u015b\u0107 z prawem przetwarzania, kt\u00f3rego dokonano na podstawie zgody przed jej cofni\u0119ciem.<\/li>\n\n\n\n<li>Podstawy prawne \u017c\u0105dania Us\u0142ugobiorcy:\n<ol class=\"wp-block-list\">\n<li><strong>Dost\u0119p do danych<\/strong> \u2013 art. 15 RODO.<\/li>\n\n\n\n<li><strong>Sprostowanie danych<\/strong> \u2013 art. 16 RODO.<\/li>\n\n\n\n<li><strong>Usuni\u0119cie danych (tzw. prawo do bycia zapomnianym) <\/strong>\u2013 art. 17 RODO.<\/li>\n\n\n\n<li><strong>Ograniczenie przetwarzania<\/strong> \u2013 art. 18 RODO.<\/li>\n\n\n\n<li><strong>Przeniesienie danych <\/strong>\u2013 art. 20 RODO.<\/li>\n\n\n\n<li><strong>Sprzeciw <\/strong>\u2013 art. 21 RODO<\/li>\n\n\n\n<li><strong>Cofni\u0119cie zgody <\/strong>\u2013 art. 7 ust. 3 RODO.<\/li>\n<\/ol>\n<\/li>\n\n\n\n<li>W celu realizacji uprawnie\u0144, o kt\u00f3rych mowa w pkt 2 mo\u017cna wys\u0142a\u0107 stosown\u0105 wiadomo\u015b\u0107 e-mail na adres: <strong>olabomba.coach@gmail.com<\/strong><\/li>\n\n\n\n<li>W sytuacji wyst\u0105pienia przez Us\u0142ugobiorc\u0119 z&nbsp;uprawnieniem wynikaj\u0105cym z&nbsp;powy\u017cszych praw, Administrator spe\u0142nia \u017c\u0105danie albo odmawia jego spe\u0142nienia niezw\u0142ocznie, nie p\u00f3\u017aniej jednak ni\u017c w&nbsp;ci\u0105gu miesi\u0105ca po jego otrzymaniu. Je\u017celi jednak &#8211; z&nbsp;uwagi na skomplikowany charakter \u017c\u0105dania lub liczb\u0119 \u017c\u0105da\u0144 \u2013 Administrator nie b\u0119dzie m\u00f3g\u0142 spe\u0142ni\u0107 \u017c\u0105dania w&nbsp;ci\u0105gu miesi\u0105ca, spe\u0142ni je w&nbsp;ci\u0105gu kolejnych dw\u00f3ch miesi\u0119cy informuj\u0105c Us\u0142ugobiorc\u0119 uprzednio w&nbsp;terminie miesi\u0105ca od otrzymania \u017c\u0105dania &#8211; o&nbsp;zamierzonym przed\u0142u\u017ceniu terminu oraz jego przyczynach.<\/li>\n\n\n\n<li>W przypadku stwierdzenia, \u017ce przetwarzanie danych osobowych narusza przepisy RODO, osoba, kt\u00f3rej dane dotycz\u0105, ma prawo wnie\u015b\u0107 skarg\u0119 do Prezesa Urz\u0119du Ochrony Danych Osobowych.<\/li>\n<\/ol>\n\n\n\n<p class=\"has-text-align-center\"><\/p>\n\n\n\n<p class=\"has-text-align-center\"><strong>\u00a7 5<\/strong> <strong>PLIKI &#8222;COOKIES&#8221;<\/strong><\/p>\n\n\n\n<ol class=\"wp-block-list\">\n<li>Strona Administratora&nbsp;u\u017cywa plik\u00f3w&nbsp;\u201e<em>cookies\u201d<\/em>.<\/li>\n\n\n\n<li>Instalacja plik\u00f3w \u201e<em>cookies<\/em>\u201d jest konieczna do prawid\u0142owego \u015bwiadczenia us\u0142ug na stronie internetowej Sklepu. W plikach \u201e<em>cookies<\/em>&#8221; znajduj\u0105 si\u0119 informacje niezb\u0119dne do prawid\u0142owego funkcjonowania strony, a tak\u017ce daj\u0105 one tak\u017ce mo\u017cliwo\u015b\u0107 opracowywania og\u00f3lnych statystyk odwiedzin strony internetowej.<\/li>\n\n\n\n<li>W ramach strony stosowane s\u0105 dwa rodzaje plik\u00f3w \u201e<em>cookies<\/em>\u201d: \u201esesyjne\u201d oraz \u201esta\u0142e\u201d.\n<ol class=\"wp-block-list\">\n<li>\u201e<em>Cookies<\/em>\u201d \u201esesyjne\u201d s\u0105 plikami tymczasowymi, kt\u00f3re przechowywane s\u0105 w urz\u0105dzeniu ko\u0144cowym Us\u0142ugobiorcy do czasu wylogowania (opuszczenia strony).&nbsp;<\/li>\n\n\n\n<li>\u201eSta\u0142e\u201d pliki \u201e<em>cookies<\/em>\u201d przechowywane s\u0105 w urz\u0105dzeniu ko\u0144cowym Us\u0142ugobiorcy przez czas okre\u015blony w parametrach plik\u00f3w \u201e<em>cookies<\/em>\u201d lub do czasu ich usuni\u0119cia przez Us\u0142ugobiorc\u0119.<\/li>\n<\/ol>\n<\/li>\n\n\n\n<li>Administrator wykorzystuje w\u0142asne pliki cookies w celu lepszego poznania sposobu interakcji Us\u0142ugobiorc\u00f3w w zakresie zawarto\u015bci strony. Pliki gromadz\u0105 informacje o sposobie korzystania ze strony internetowej przez Us\u0142ugobiorc\u0119, typie strony, z jakiej Us\u0142ugobiorca zosta\u0142 przekierowany oraz liczbie odwiedzin i czasie wizyty Us\u0142ugobiorcy na stronie internetowej. Informacje te nie rejestruj\u0105 konkretnych danych osobowych Us\u0142ugobiorcy, lecz s\u0142u\u017c\u0105 do opracowania statystyk korzystania ze strony.<\/li>\n\n\n\n<li>Administrator wykorzystuje zewn\u0119trzne pliki cookies<em> <\/em>w celu zbierania og\u00f3lnych i\u00a0anonimowych danych statycznych za po\u015brednictwem narz\u0119dzi analitycznych Google Analytics (administrator cookies zewn\u0119trznego: Google LLC. z\u00a0siedzib\u0105 w\u00a0USA).<\/li>\n\n\n\n<li>Administrator wykorzystuje narz\u0119dzie Manychat, kt\u00f3re pozwala Us\u0142ugobiorcom przeprowadza\u0107 rozmowy za pomoc\u0105 chatu, a tak\u017ce \u015bledzi\u0107 zachowanie Us\u0142ugobiorc\u00f3w na stronie. W tym celu Manychat Inc. (z siedzib\u0105 w USA) gromadzi pliki cookies. W ramach ustawie\u0144 plik\u00f3w cookies Us\u0142ugobiorca mo\u017ce zadecydowa\u0107, czy wyra\u017ca zgod\u0119 na korzystanie przez Administratora ze \u015bledzenia z wykorzystaniem Manychat czy nie.<\/li>\n\n\n\n<li>Pliki cookies mog\u0105 by\u0107 r\u00f3wnie\u017c wykorzystywane przez sieci reklamowe, w szczeg\u00f3lno\u015bci sie\u0107 Google, w celu wy\u015bwietlania reklam dopasowanych do sposobu, w jaki Us\u0142ugobiorca korzysta ze Sklepu. W tym celu mog\u0105 zachowa\u0107 informacj\u0119 o \u015bcie\u017cce nawigacji Us\u0142ugobiorcy lub czasie pozostawania na danej stronie.<\/li>\n\n\n\n<li>Us\u0142ugobiorca ma prawo zadecydowania w zakresie dost\u0119pu plik\u00f3w \u201e<em>cookies<\/em>\u201d do swojego komputera poprzez:\n<ol class=\"wp-block-list\">\n<li>wyb\u00f3r rodzaj\u00f3w plik\u00f3w cookies, na gromadzenie kt\u00f3rych wyra\u017ca zgod\u0119 tu\u017c po wej\u015bciu na stron\u0119 Sklepu i pojawieniu si\u0119 komunikatu cookies,<\/li>\n\n\n\n<li>zmian\u0119 ustawie\u0144 w oknie swojej przegl\u0105darki. &nbsp;Szczeg\u00f3\u0142owe informacje o mo\u017cliwo\u015bci i sposobach obs\u0142ugi plik\u00f3w \u201e<em>cookies<\/em>\u201d dost\u0119pne s\u0105 r\u00f3wnie\u017c w ustawieniach oprogramowania (przegl\u0105darki internetowej).<\/li>\n<\/ol>\n<\/li>\n<\/ol>\n\n\n\n<p class=\"has-text-align-center\"><strong> <\/strong><\/p>\n\n\n\n<p class=\"has-text-align-center\"><strong>\u00a7 6 <\/strong> <strong>POSTANOWIENIA KO\u0143COWE<\/strong><\/p>\n\n\n\n<ol class=\"wp-block-list\">\n<li>Administrator stosuje \u015brodki techniczne i organizacyjne zapewniaj\u0105ce ochron\u0119 przetwarzanych danych osobowych odpowiedni\u0105 do zagro\u017ce\u0144 oraz kategorii danych obj\u0119tych ochron\u0105, a w szczeg\u00f3lno\u015bci zabezpiecza dane przed ich udost\u0119pnieniem osobom nieupowa\u017cnionym, zabraniem przez osob\u0119 nieuprawnion\u0105, przetwarzaniem z naruszeniem obowi\u0105zuj\u0105cych przepis\u00f3w oraz zmian\u0105, utrat\u0105, uszkodzeniem lub zniszczeniem.<\/li>\n\n\n\n<li>Administrator udost\u0119pnia odpowiednie \u015brodki techniczne zapobiegaj\u0105ce pozyskiwaniu i modyfikowaniu przez osoby nieuprawnione, danych osobowych przesy\u0142anych drog\u0105 elektroniczn\u0105.<\/li>\n\n\n\n<li>W sprawach nieuregulowanych niniejsz\u0105 Polityk\u0105 prywatno\u015bci stosuje si\u0119 odpowiednio przepisy RODO oraz inne w\u0142a\u015bciwe przepisy prawa polskiego.<\/li>\n<\/ol>\n\n\n\n<div class=\"wp-block-uagb-separator uagb-block-5265a5ad\"><div class=\"wp-block-uagb-separator__inner\" style=\"--my-background-image:\"><\/div><\/div>\n","protected":false},"excerpt":{"rendered":"<p>POLITYKA PRYWATNO\u015aCI SKLEPU INTERNETOWEGO WWW.OLABOMBA.COM Na tej stronie znajdziesz zasady przetwarzania danych osobowych, wykorzystywania plik\u00f3w cookie i innych technologii w zwi\u0105zku z korzystaniem przez Ciebie z Serwisu dost\u0119pnego pod adresem www.olabomba.com&nbsp;oraz z prowadzonych przez w\u0142a\u015bcicielk\u0119 profili w mediach spo\u0142eczno\u015bciowych.&nbsp; Polityka prywatno\u015bci ma zastosowanie zar\u00f3wno do witryny internetowej jak i us\u0142ug, kt\u00f3re zawieraj\u0105 do niej odes\u0142anie. W razie pyta\u0144 zwi\u0105zanych z Polityk\u0105 Prywatno\u015bci pisz na&nbsp;ola@olabomba.com.&nbsp; Ostatnia aktualizacja: 01.11.2023 r. \u00a7 1 POSTANOWIENIA OG\u00d3LNE \u00a7 2 RODZAJ PRZETWARZANYCH DANYCH OSOBOWYCH, CEL I ZAKRES ZBIERANIA DANYCH \u00a7 3 UDOST\u0118PNIENIE DANYCH OSOBOWYCH \u00a7 4 PRAWO KONTROLI, DOST\u0118PU DO TRE\u015aCI W\u0141ASNYCH DANYCH ORAZ ICH POPRAWIANIA \u00a7 5 PLIKI &#8222;COOKIES&#8221; \u00a7 6 POSTANOWIENIA KO\u0143COWE<\/p>\n","protected":false},"author":1,"featured_media":0,"parent":0,"menu_order":0,"comment_status":"closed","ping_status":"open","template":"","meta":{"_uag_custom_page_level_css":"","neve_meta_sidebar":"","neve_meta_container":"","neve_meta_enable_content_width":"on","neve_meta_content_width":90,"neve_meta_title_alignment":"center","neve_meta_author_avatar":"","neve_post_elements_order":"","neve_meta_disable_header":"on","neve_meta_disable_footer":"","neve_meta_disable_title":"on","footnotes":"[]"},"class_list":["post-3","page","type-page","status-publish","hentry"],"uagb_featured_image_src":{"full":false,"thumbnail":false,"medium":false,"medium_large":false,"large":false,"1536x1536":false,"2048x2048":false,"neve-blog":false,"woocommerce_thumbnail":false,"woocommerce_single":false,"woocommerce_gallery_thumbnail":false},"uagb_author_info":{"display_name":"ola","author_link":"https:\/\/olabomba.com\/index.php\/author\/ola\/"},"uagb_comment_info":0,"uagb_excerpt":"POLITYKA PRYWATNO\u015aCI SKLEPU INTERNETOWEGO WWW.OLABOMBA.COM Na tej stronie znajdziesz zasady przetwarzania danych osobowych, wykorzystywania plik\u00f3w cookie i innych technologii w zwi\u0105zku z korzystaniem przez Ciebie z Serwisu dost\u0119pnego pod adresem www.olabomba.com&nbsp;oraz z prowadzonych przez w\u0142a\u015bcicielk\u0119 profili w mediach spo\u0142eczno\u015bciowych.&nbsp; Polityka prywatno\u015bci ma zastosowanie zar\u00f3wno do witryny internetowej jak i us\u0142ug, kt\u00f3re zawieraj\u0105 do niej odes\u0142anie.&hellip;","_links":{"self":[{"href":"https:\/\/olabomba.com\/index.php\/wp-json\/wp\/v2\/pages\/3","targetHints":{"allow":["GET"]}}],"collection":[{"href":"https:\/\/olabomba.com\/index.php\/wp-json\/wp\/v2\/pages"}],"about":[{"href":"https:\/\/olabomba.com\/index.php\/wp-json\/wp\/v2\/types\/page"}],"author":[{"embeddable":true,"href":"https:\/\/olabomba.com\/index.php\/wp-json\/wp\/v2\/users\/1"}],"replies":[{"embeddable":true,"href":"https:\/\/olabomba.com\/index.php\/wp-json\/wp\/v2\/comments?post=3"}],"version-history":[{"count":5,"href":"https:\/\/olabomba.com\/index.php\/wp-json\/wp\/v2\/pages\/3\/revisions"}],"predecessor-version":[{"id":1185,"href":"https:\/\/olabomba.com\/index.php\/wp-json\/wp\/v2\/pages\/3\/revisions\/1185"}],"wp:attachment":[{"href":"https:\/\/olabomba.com\/index.php\/wp-json\/wp\/v2\/media?parent=3"}],"curies":[{"name":"wp","href":"https:\/\/api.w.org\/{rel}","templated":true}]}}