{"id":2596,"date":"2026-03-17T20:45:34","date_gmt":"2026-03-17T19:45:34","guid":{"rendered":"https:\/\/olabomba.com\/?page_id=2596"},"modified":"2026-03-17T21:11:05","modified_gmt":"2026-03-17T20:11:05","slug":"dziekuje","status":"publish","type":"page","link":"https:\/\/olabomba.com\/index.php\/dziekuje\/","title":{"rendered":""},"content":{"rendered":"\n<div style=\"height:59px\" aria-hidden=\"true\" class=\"wp-block-spacer\"><\/div>\n\n\n\n<h3 class=\"wp-block-heading\">Pora na kr\u00f3tk\u0105 aplikacj\u0119 (ok. 20 sekund) &#8211; ona dope\u0142ni Twoj\u0105 rejestracj\u0119 na wydarzenie<\/h3>\n\n\n\n<p>\ud83d\udc49\ud83d\udc49\ud83d\udc49\ud83d\udc49\ud83d\udc49\ud83d\udc49 <a href=\"https:\/\/docs.google.com\/forms\/d\/e\/1FAIpQLSeJ_x7vpaixvIDi4ZZYGE-bBPqR3i0ExXWLqJvujVJ0NdVBDQ\/viewform?usp=header\"><strong>Link TUTAJ<\/strong><\/a><\/p>\n","protected":false},"excerpt":{"rendered":"<p>Pora na kr\u00f3tk\u0105 aplikacj\u0119 (ok. 20 sekund) &#8211; ona dope\u0142ni Twoj\u0105 rejestracj\u0119 na wydarzenie \ud83d\udc49\ud83d\udc49\ud83d\udc49\ud83d\udc49\ud83d\udc49\ud83d\udc49 Link TUTAJ<\/p>\n","protected":false},"author":1,"featured_media":0,"parent":0,"menu_order":0,"comment_status":"closed","ping_status":"closed","template":"","meta":{"_uag_custom_page_level_css":"","neve_meta_sidebar":"","neve_meta_container":"","neve_meta_enable_content_width":"","neve_meta_content_width":0,"neve_meta_title_alignment":"","neve_meta_author_avatar":"","neve_post_elements_order":"","neve_meta_disable_header":"","neve_meta_disable_footer":"","neve_meta_disable_title":"","footnotes":""},"class_list":["post-2596","page","type-page","status-publish","hentry"],"uagb_featured_image_src":{"full":false,"thumbnail":false,"medium":false,"medium_large":false,"large":false,"1536x1536":false,"2048x2048":false,"neve-blog":false,"woocommerce_thumbnail":false,"woocommerce_single":false,"woocommerce_gallery_thumbnail":false},"uagb_author_info":{"display_name":"ola","author_link":"https:\/\/olabomba.com\/index.php\/author\/ola\/"},"uagb_comment_info":0,"uagb_excerpt":"Pora na kr\u00f3tk\u0105 aplikacj\u0119 (ok. 20 sekund) &#8211; ona dope\u0142ni Twoj\u0105 rejestracj\u0119 na wydarzenie \ud83d\udc49\ud83d\udc49\ud83d\udc49\ud83d\udc49\ud83d\udc49\ud83d\udc49 Link TUTAJ","_links":{"self":[{"href":"https:\/\/olabomba.com\/index.php\/wp-json\/wp\/v2\/pages\/2596","targetHints":{"allow":["GET"]}}],"collection":[{"href":"https:\/\/olabomba.com\/index.php\/wp-json\/wp\/v2\/pages"}],"about":[{"href":"https:\/\/olabomba.com\/index.php\/wp-json\/wp\/v2\/types\/page"}],"author":[{"embeddable":true,"href":"https:\/\/olabomba.com\/index.php\/wp-json\/wp\/v2\/users\/1"}],"replies":[{"embeddable":true,"href":"https:\/\/olabomba.com\/index.php\/wp-json\/wp\/v2\/comments?post=2596"}],"version-history":[{"count":2,"href":"https:\/\/olabomba.com\/index.php\/wp-json\/wp\/v2\/pages\/2596\/revisions"}],"predecessor-version":[{"id":2600,"href":"https:\/\/olabomba.com\/index.php\/wp-json\/wp\/v2\/pages\/2596\/revisions\/2600"}],"wp:attachment":[{"href":"https:\/\/olabomba.com\/index.php\/wp-json\/wp\/v2\/media?parent=2596"}],"curies":[{"name":"wp","href":"https:\/\/api.w.org\/{rel}","templated":true}]}}