{"id":1335,"date":"2024-01-29T21:51:29","date_gmt":"2024-01-29T20:51:29","guid":{"rendered":"https:\/\/olabomba.com\/?page_id=1335"},"modified":"2024-01-30T16:56:46","modified_gmt":"2024-01-30T15:56:46","slug":"akcja-kontynuacja","status":"publish","type":"page","link":"https:\/\/olabomba.com\/index.php\/akcja-kontynuacja\/","title":{"rendered":"\u2728 Akcja Kontynuacja \u2728"},"content":{"rendered":"\n<p>Moje Drogie!<br><br>Zapraszam Ci\u0119 do kontynuowania wsp\u00f3lnej podr\u00f3\u017cy. Podr\u00f3\u017cy ku Twojemu celowi rozwoju marki osobistej, zarabiania marki osobistej, stworzenia swojej marki na w\u0142asnych zasadach. To b\u0119dzie podr\u00f3\u017c przez PRAKTYK\u0118. Mn\u00f3stwo o tworzeniu marki osobistej ju\u017c wiesz. Teraz pora na intencjonalne dzia\u0142anie, wyci\u0105ganie lekcji, przepracowywanie kolejnych przekona\u0144, usprawnianie sprzedawanie.<br><br><\/p>\n\n\n\n<h3 class=\"wp-block-heading alignfull has-text-align-center has-background\" style=\"background-color:#ffd2e9\">\u2728 <strong>AKCJA KONTYNUACJA to skupienie na <\/strong>PRAKTYCE, DZIA\u0141ANIU I WDRA\u017bANIU TEGO, CO JU\u017b WIESZ\u2728 <br>Mniej wiedzy &#8211; wi\u0119cej wdra\u017cania, wyci\u0105gania wniosk\u00f3w, budowania, by zobaczy\u0107 konkretny REZULTAT z dotychczasowej wiedzy i dzia\u0142ania<\/h3>\n\n\n\n<p><br><br>Pisz\u0119 to do Ciebie dzi\u015b w energii spokoju, pe\u0142ni i gotowo\u015bci by wsp\u00f3lnie i\u015b\u0107 po WI\u0118CEJ. Dlatego nie pisz\u0119, \u017ceby\u015bc &#8222;wskakiwa\u0142a!!!\ud83d\udca5\ud83d\udca5\ud83d\udca5&#8221;, dlatego landing page jest taki prosty. Bo Ty ju\u017c wiesz, jak pracuj\u0119, znasz mnie. Z drugiej strony wiesz, czego chcesz w swojej marce i \u017cyciu teraz. <br><strong>I je\u015bli wi\u0119c chcesz:<\/strong><br>\u2728 Z zaanga\u017cowaniem i\u015b\u0107 DALEJ<br>\u2728 Zachowuj\u0105c przy tym spok\u00f3j i kontakt ze sob\u0105<br>\u2728 Osi\u0105ga\u0107 BIG rezultaty (idziemy w 10-15k+)<br>\u2728 Launchowa\u0107, sprzedawa\u0107 maj\u0105c przy tym wsparcie<br>\u2728 W community wspania\u0142ych kobiet<br><br><strong>To z serducha zapraszam do KONTYNUACJI \ud83d\ude42 <\/strong><br><\/p>\n\n\n\n<h3 class=\"wp-block-heading alignfull has-text-align-center has-background\" style=\"background-color:#ffd2e9\"><strong>Jak b\u0119dziemy pracowa\u0107?<\/strong><\/h3>\n\n\n\n<p><br><br>1\ufe0f\u20e3 <strong>Spotykamy si\u0119 raz w tygodniu na spotkanie coachingowo-mentoringowe w grupie.<\/strong> B\u0119dzie to po\u0142\u0105czenie hot seat coachingu\/Q&amp;A, kt\u00f3re znacie teraz z sesj\u0105 coachingowo-mentoringow\u0105 w grupie. Dzi\u0119ki temu bli\u017cej przyjrzymy si\u0119 celom w Waszej marce i b\u0119dziesz mog\u0142a dzi\u0119ki wsp\u00f3lnej pracy opracowa\u0107 plan dzia\u0142ania, przepracowa\u0107 przekonania, dzia\u0142a\u0107, dzieli\u0107 si\u0119 learningami. W mastermindzie nasze spotkania mia\u0142y bardziej form\u0119 Q&amp;A, tutaj &#8211; zaczniemy od doprecyzowania cel\u00f3w i b\u0119dzie wi\u0119cej przestrzeni na moj\u0105 konwersacj\u0119 z Tob\u0105 w temacie<br><strong>Te spotkania s\u0105 osi\u0105 Kontyuacji. Mi\u0119dzy spotkaniami dzia\u0142asz, wdra\u017casz, a na spotkaniach korygujesz kurs, planujesz jeszcze bardziej intencjonalne dzia\u0142anie przynosz\u0105ce jeszcze wi\u0119ksze rezultaty.<\/strong><br><br>2\ufe0f\u20e3 <strong>Do dyspozycji jest te\u017c grupa w aplikacji do Waszej integracji i zadawania pyta\u0144.<\/strong> Jak zawsze bardzo zach\u0119cam do aktywnego uczestnictwa w grupie, do wymienienia si\u0119 pytaniami i odpowiedziami, pro\u015bbami o feedback. Tak, jak w mastermindzie, r\u00f3wnie\u017c tutaj b\u0119dzie mo\u017cna zada\u0107 mi 2 pytania tygodniowo. W Kontynuacji jednak nie przypominam o mo\u017cliwo\u015bci zadawnia pyta\u0144 co tydzie\u0144. Moj\u0105 intencj\u0105 jest Wasz full ownership w biznesie &#8211; a objawia si\u0119 to r\u00f3wnie\u017c ownershipem w kontek\u015bcie tego, jak wykorzystujecie przestrze\u0144 Wam dan\u0105. <br><br>3\ufe0f\u20e3 <strong>Dostajesz dost\u0119p do program\u00f3w Tre$ci, kt\u00f3re sprzedaj\u0105, Nowy Rok Nowa Oferta i Idealna Klientka<\/strong> &#8211; to absolutny must by wej\u015b\u0107 WY\u017bEJ w marce osobistej. Tre$ci i Oferta b\u0119d\u0105 dost\u0119pne w formie nagra\u0144 &#8211; kt\u00f3re mo\u017cesz odtworzy\u0107 w dowolnym momencie, kiedy b\u0119dziesz mia\u0142a przestrze\u0144.. Idealna Klientka to program na \u017cywo (mo\u017cesz wzi\u0105\u0107 udzia\u0142 na \u017cywo i mie\u0107 mo\u017cliwo\u015b\u0107 zadawania pyta\u0144 i integracji z uczestniczkami lub te\u017c mo\u017cesz ods\u0142uchiwa\u0107 nagra\u0144 w czasie p\u00f3\u017aniejszym). <strong>Je\u015bli ju\u017c kupi\u0142a\u015b te programy, to dostajesz ode mnie specjalny kod, a cen\u0119, kt\u00f3r\u0105 zap\u0142aci\u0142a\u015b odejmujesz od kwoty za kontynuacj\u0119.<\/strong><br><br>Je\u015bli kupi\u0142a\u015b opcj\u0119 z kontaktem 1:1 ze mn\u0105 np. program i audyt to obni\u017casz cen\u0119 o koszt programu<br><br>4\ufe0f\u20e3 <strong>Jest r\u00f3wnie\u017c mo\u017cliwo\u015b\u0107 wykupienia pakietu VIP ze spotkaniami 1:1 ze mn\u0105<\/strong>!<br><br><strong>Moj\u0105 intencj\u0105 jest stworzy\u0107 zaanga\u017cowan\u0105 grup\u0119, kt\u00f3ra z wzajemnym wsparciem i moim wsparciem coachingowo-mentoringowym po lidersku wchodzi na nowy level rozwoju biznesu, dojrza\u0142o\u015bci biznesowej i rezultat\u00f3w biznesowych.<\/strong><br><br><\/p>\n\n\n\n<h3 class=\"wp-block-heading alignfull has-text-align-center has-background\" style=\"background-color:#ffd2e9\"><strong>Technikalia:<\/strong><\/h3>\n\n\n\n<p><br><br><br>\ud83d\udc49 Nasze spotkania odbywaj\u0105 si\u0119 w czwartki o 10.00. Je\u015bli na program zapisze si\u0119 wi\u0119cej ni\u017c 5 os\u00f3b, to spotkania b\u0119d\u0105 trwa\u0142y 1,5 h i b\u0119d\u0105 zaczyna\u0107 si\u0119 o 9.30. Startujemy 15 lutego<br>\ud83d\udc49 Kontynuacja wystartuje przy grupie minimum 4 os\u00f3b. Napisz mi prosz\u0119 do pi\u0105tku o swojej ch\u0119ci kontynuacji<br>\ud83d\udc49 Jest mo\u017cliwe, \u017ce w 1 tygodniu pod koniec mastermindu b\u0119d\u0119 Was prosi\u0142a o tygodniow\u0105 przerw\u0119, ten tydzie\u0144 oczywi\u015bcie odrobimy (mastermind potrwa w takim wypadku tydzie\u0144 d\u0142u\u017cej)<br>\ud83d\udc49 Je\u015bli masz potrzeb\u0119 rozbicia Kontynuacji na raty, pisz &#8211; uruchomi\u0119 tak\u0105 opcj\u0119 w przysz\u0142ym tygodniu<br>\ud83d\udc49 Spotkania b\u0119d\u0105 nagrywane, b\u0119dziecie mia\u0142y do nich dost\u0119p<br><br><strong>W kontek\u015bci Kontyuacji czuj\u0119, \u017ce nie musz\u0119 dodawa\u0107 nic wi\u0119cej. To Ty czujesz, czy to jest dla Ciebie. Ja WIEM, \u017ce kontynuacja to b\u0119dzie to co\u015b WIELKIEGO. Decyzja le\u017cy po Twojej stronie:) Masz pytania? Jestem!<\/strong><\/p>\n\n\n\n<div id=\"cennik\" class=\"wp-block-uagb-container uagb-block-d813b08e alignfull uagb-is-root-container\"><div class=\"uagb-container-inner-blocks-wrap\">\n<div class=\"wp-block-uagb-container uagb-block-dd336fa4\">\n<div class=\"wp-block-columns is-layout-flex wp-container-core-columns-is-layout-9d6595d7 wp-block-columns-is-layout-flex\">\n<div class=\"wp-block-column is-layout-flow wp-block-column-is-layout-flow\">\n<h3 class=\"wp-block-heading\">Mastermind:<br><mark style=\"background-color:rgba(0, 0, 0, 0)\" class=\"has-inline-color has-neve-link-hover-color-color\">AKCJA KONTYNUACJA<\/mark><\/h3>\n<\/div>\n<\/div>\n\n\n\n<p><strong>Do\u0142\u0105cz i id\u017a po WI\u0118CEJ<\/strong><\/p>\n\n\n\n<hr class=\"wp-block-separator aligncenter has-text-color has-nv-dark-bg-color has-css-opacity has-nv-dark-bg-background-color has-background is-style-wide\"\/>\n\n\n\n<ul class=\"has-normal-font-size wp-block-list\">\n<li>Cotygodniowe spotkania co 3 miesi\u0105ce<\/li>\n\n\n\n<li>Grupa do integracji i Q&amp;A<\/li>\n\n\n\n<li>Dost\u0119p do nagra\u0144 program\u00f3w Tre$ci, kt\u00f3re sprzedaj\u0105, Nowy Rok Nowa Oferta, Idealna Klietnka (program startuje w lutym na \u017cywo)<\/li>\n<\/ul>\n\n\n\n<div style=\"height:37px\" aria-hidden=\"true\" class=\"wp-block-spacer\"><\/div>\n\n\n\n<div class=\"wp-block-buttons is-content-justification-center is-layout-flex wp-container-core-buttons-is-layout-16018d1d wp-block-buttons-is-layout-flex\">\n<div class=\"wp-block-button has-custom-font-size has-medium-font-size\"><a class=\"wp-block-button__link has-text-align-center wp-element-button\" href=\"https:\/\/olabomba.com\/index.php\/produkt\/kontynuacja\/\"> P\u0142ac\u0119 za ca\u0142o\u015b\u0107<br><strong><mark style=\"background-color:rgba(0, 0, 0, 0)\" class=\"has-inline-color has-nv-text-dark-bg-color\">4444 z\u0142<\/mark><\/strong><\/a><\/div>\n<\/div>\n\n\n\n<p class=\"has-text-align-center has-small-font-size\"><strong>Je\u015bli bra\u0142a\u015b udzia\u0142 w powy\u017cszych programach <br>zaaplikuj kod zni\u017ckowy w koszyku!<\/strong><\/p>\n<\/div>\n\n\n\n<div class=\"wp-block-uagb-container uagb-block-5cb371b6\">\n<div class=\"wp-block-columns is-layout-flex wp-container-core-columns-is-layout-9d6595d7 wp-block-columns-is-layout-flex\">\n<div class=\"wp-block-column is-layout-flow wp-block-column-is-layout-flow\">\n<h3 class=\"wp-block-heading\">Pakiet PERSONALIZOWANY<br><mark style=\"background-color:rgba(0, 0, 0, 0)\" class=\"has-inline-color has-nv-c-1-color\">AKCJA KONTYNUACJA<br>+ 3 spotkania 1:1 ze mn\u0105<\/mark><\/h3>\n<\/div>\n<\/div>\n\n\n\n<p><strong>Do\u0142\u0105cz i id\u017a po WI\u0118CEJ nie tylko w grupie, ale te\u017c wsp\u00f3\u0142pracuj\u0105c 1:1 ze mn\u0105<\/strong><\/p>\n\n\n\n<hr class=\"wp-block-separator aligncenter has-text-color has-nv-dark-bg-color has-css-opacity has-nv-dark-bg-background-color has-background is-style-wide\"\/>\n\n\n\n<ul class=\"has-normal-font-size wp-block-list\">\n<li>Cotygodniowe spotkania co 3 miesi\u0105ce<\/li>\n\n\n\n<li>Grupa do integracji i Q&amp;A<\/li>\n\n\n\n<li>Dost\u0119p do nagra\u0144 program\u00f3w Tre$ci, kt\u00f3re sprzedaj\u0105, Nowy Rok Nowa Oferta, Idealna Klietnka (program startuje w lutym na \u017cywo)<\/li>\n\n\n\n<li><strong>3 comiesi\u0119czne, godzinne sesje 1:1 ze mn\u0105<\/strong><\/li>\n<\/ul>\n\n\n\n<div class=\"wp-block-buttons is-content-justification-center is-layout-flex wp-container-core-buttons-is-layout-16018d1d wp-block-buttons-is-layout-flex\"><\/div>\n\n\n\n<div style=\"height:35px\" aria-hidden=\"true\" class=\"wp-block-spacer\"><\/div>\n\n\n\n<div class=\"wp-block-buttons is-content-justification-center is-layout-flex wp-container-core-buttons-is-layout-16018d1d wp-block-buttons-is-layout-flex\">\n<div class=\"wp-block-button has-custom-font-size has-medium-font-size\"><a class=\"wp-block-button__link wp-element-button\" href=\"https:\/\/olabomba.com\/index.php\/produkt\/kontynuacjavip\/\">P\u0142ac\u0119 za ca\u0142o\u015b\u0107<br><strong><mark style=\"background-color:rgba(0, 0, 0, 0)\" class=\"has-inline-color has-nv-text-dark-bg-color\">5777 z\u0142<\/mark><\/strong><\/a><\/div>\n<\/div>\n\n\n\n<p class=\"has-text-align-center has-small-font-size\"><strong>Je\u015bli bra\u0142a\u015b udzia\u0142 w powy\u017cszych programach <br>zaaplikuj kod zni\u017ckowy w koszyku!<\/strong><\/p>\n<\/div>\n<\/div><\/div>\n\n\n\n<div style=\"height:49px\" aria-hidden=\"true\" class=\"wp-block-spacer\"><\/div>\n","protected":false},"excerpt":{"rendered":"<p>Moje Drogie! Zapraszam Ci\u0119 do kontynuowania wsp\u00f3lnej podr\u00f3\u017cy. Podr\u00f3\u017cy ku Twojemu celowi rozwoju marki osobistej, zarabiania marki osobistej, stworzenia swojej marki na w\u0142asnych zasadach. To b\u0119dzie podr\u00f3\u017c przez PRAKTYK\u0118. Mn\u00f3stwo o tworzeniu marki osobistej ju\u017c wiesz. Teraz pora na intencjonalne dzia\u0142anie, wyci\u0105ganie lekcji, przepracowywanie kolejnych przekona\u0144, usprawnianie sprzedawanie. \u2728 AKCJA KONTYNUACJA to skupienie na PRAKTYCE, DZIA\u0141ANIU I WDRA\u017bANIU TEGO, CO JU\u017b WIESZ\u2728 Mniej wiedzy &#8211; wi\u0119cej wdra\u017cania, wyci\u0105gania wniosk\u00f3w, budowania, by zobaczy\u0107 konkretny REZULTAT z dotychczasowej wiedzy i dzia\u0142ania Pisz\u0119 to do Ciebie dzi\u015b w energii spokoju, pe\u0142ni i gotowo\u015bci by wsp\u00f3lnie i\u015b\u0107 po WI\u0118CEJ. Dlatego nie pisz\u0119, \u017ceby\u015bc &#8222;wskakiwa\u0142a!!!\ud83d\udca5\ud83d\udca5\ud83d\udca5&#8221;, dlatego landing page jest taki prosty. Bo Ty ju\u017c wiesz, jak pracuj\u0119, znasz mnie. Z drugiej strony wiesz, czego chcesz w swojej marce i \u017cyciu teraz. I je\u015bli wi\u0119c chcesz:\u2728 Z zaanga\u017cowaniem i\u015b\u0107 DALEJ\u2728 Zachowuj\u0105c przy tym spok\u00f3j i kontakt ze sob\u0105\u2728 Osi\u0105ga\u0107 BIG rezultaty (idziemy w 10-15k+)\u2728 Launchowa\u0107, sprzedawa\u0107 maj\u0105c przy tym wsparcie\u2728 W community wspania\u0142ych kobiet To z serducha zapraszam do KONTYNUACJI \ud83d\ude42 Jak b\u0119dziemy pracowa\u0107? 1\ufe0f\u20e3 Spotykamy si\u0119 raz w tygodniu na spotkanie coachingowo-mentoringowe w grupie. B\u0119dzie to po\u0142\u0105czenie hot seat coachingu\/Q&amp;A, kt\u00f3re znacie teraz z sesj\u0105 coachingowo-mentoringow\u0105 w grupie. Dzi\u0119ki temu bli\u017cej przyjrzymy si\u0119 celom w Waszej marce i b\u0119dziesz mog\u0142a dzi\u0119ki wsp\u00f3lnej pracy opracowa\u0107 plan dzia\u0142ania, przepracowa\u0107 przekonania, dzia\u0142a\u0107, dzieli\u0107 si\u0119 learningami. W mastermindzie nasze spotkania mia\u0142y bardziej form\u0119 Q&amp;A, tutaj &#8211; zaczniemy od doprecyzowania cel\u00f3w i b\u0119dzie wi\u0119cej przestrzeni na moj\u0105 konwersacj\u0119 z Tob\u0105 w temacieTe spotkania s\u0105 osi\u0105 Kontyuacji. Mi\u0119dzy spotkaniami dzia\u0142asz, wdra\u017casz, a na spotkaniach korygujesz kurs, planujesz jeszcze bardziej intencjonalne dzia\u0142anie przynosz\u0105ce jeszcze wi\u0119ksze rezultaty. 2\ufe0f\u20e3 Do dyspozycji jest te\u017c grupa w aplikacji do Waszej integracji i zadawania pyta\u0144. Jak zawsze bardzo zach\u0119cam do aktywnego uczestnictwa w grupie, do wymienienia si\u0119 pytaniami i odpowiedziami, pro\u015bbami o feedback. Tak, jak w mastermindzie, r\u00f3wnie\u017c tutaj b\u0119dzie mo\u017cna zada\u0107 mi 2 pytania tygodniowo. W Kontynuacji jednak nie przypominam o mo\u017cliwo\u015bci zadawnia pyta\u0144 co tydzie\u0144. Moj\u0105 intencj\u0105 jest Wasz full ownership w biznesie &#8211; a objawia si\u0119 to r\u00f3wnie\u017c ownershipem w kontek\u015bcie tego, jak wykorzystujecie przestrze\u0144 Wam dan\u0105. 3\ufe0f\u20e3 Dostajesz dost\u0119p do program\u00f3w Tre$ci, kt\u00f3re sprzedaj\u0105, Nowy Rok Nowa Oferta i Idealna Klientka &#8211; to absolutny must by wej\u015b\u0107 WY\u017bEJ w marce osobistej. Tre$ci i Oferta b\u0119d\u0105 dost\u0119pne w formie nagra\u0144 &#8211; kt\u00f3re mo\u017cesz odtworzy\u0107 w dowolnym momencie, kiedy b\u0119dziesz mia\u0142a przestrze\u0144.. Idealna Klientka to program na \u017cywo (mo\u017cesz wzi\u0105\u0107 udzia\u0142 na \u017cywo i mie\u0107 mo\u017cliwo\u015b\u0107 zadawania pyta\u0144 i integracji z uczestniczkami lub te\u017c mo\u017cesz ods\u0142uchiwa\u0107 nagra\u0144 w czasie p\u00f3\u017aniejszym). Je\u015bli ju\u017c kupi\u0142a\u015b te programy, to dostajesz ode mnie specjalny kod, a cen\u0119, kt\u00f3r\u0105 zap\u0142aci\u0142a\u015b odejmujesz od kwoty za kontynuacj\u0119. Je\u015bli kupi\u0142a\u015b opcj\u0119 z kontaktem 1:1 ze mn\u0105 np. program i audyt to obni\u017casz cen\u0119 o koszt programu 4\ufe0f\u20e3 Jest r\u00f3wnie\u017c mo\u017cliwo\u015b\u0107 wykupienia pakietu VIP ze spotkaniami 1:1 ze mn\u0105! Moj\u0105 intencj\u0105 jest stworzy\u0107 zaanga\u017cowan\u0105 grup\u0119, kt\u00f3ra z wzajemnym wsparciem i moim wsparciem coachingowo-mentoringowym po lidersku wchodzi na nowy level rozwoju biznesu, dojrza\u0142o\u015bci biznesowej i rezultat\u00f3w biznesowych. Technikalia: \ud83d\udc49 Nasze spotkania odbywaj\u0105 si\u0119 w czwartki o 10.00. Je\u015bli na program zapisze si\u0119 wi\u0119cej ni\u017c 5 os\u00f3b, to spotkania b\u0119d\u0105 trwa\u0142y 1,5 h i b\u0119d\u0105 zaczyna\u0107 si\u0119 o 9.30. Startujemy 15 lutego\ud83d\udc49 Kontynuacja wystartuje przy grupie minimum 4 os\u00f3b. Napisz mi prosz\u0119 do pi\u0105tku o swojej ch\u0119ci kontynuacji\ud83d\udc49 Jest mo\u017cliwe, \u017ce w 1 tygodniu pod koniec mastermindu b\u0119d\u0119 Was prosi\u0142a o tygodniow\u0105 przerw\u0119, ten tydzie\u0144 oczywi\u015bcie odrobimy (mastermind potrwa w takim wypadku tydzie\u0144 d\u0142u\u017cej)\ud83d\udc49 Je\u015bli masz potrzeb\u0119 rozbicia Kontynuacji na raty, pisz &#8211; uruchomi\u0119 tak\u0105 opcj\u0119 w przysz\u0142ym tygodniu\ud83d\udc49 Spotkania b\u0119d\u0105 nagrywane, b\u0119dziecie mia\u0142y do nich dost\u0119p W kontek\u015bci Kontyuacji czuj\u0119, \u017ce nie musz\u0119 dodawa\u0107 nic wi\u0119cej. To Ty czujesz, czy to jest dla Ciebie. Ja WIEM, \u017ce kontynuacja to b\u0119dzie to co\u015b WIELKIEGO. Decyzja le\u017cy po Twojej stronie:) Masz pytania? Jestem! Mastermind:AKCJA KONTYNUACJA Do\u0142\u0105cz i id\u017a po WI\u0118CEJ Je\u015bli bra\u0142a\u015b udzia\u0142 w powy\u017cszych programach zaaplikuj kod zni\u017ckowy w koszyku! Pakiet PERSONALIZOWANYAKCJA KONTYNUACJA+ 3 spotkania 1:1 ze mn\u0105 Do\u0142\u0105cz i id\u017a po WI\u0118CEJ nie tylko w grupie, ale te\u017c wsp\u00f3\u0142pracuj\u0105c 1:1 ze mn\u0105 Je\u015bli bra\u0142a\u015b udzia\u0142 w powy\u017cszych programach zaaplikuj kod zni\u017ckowy w koszyku!<\/p>\n","protected":false},"author":1,"featured_media":0,"parent":0,"menu_order":0,"comment_status":"closed","ping_status":"closed","template":"","meta":{"_uag_custom_page_level_css":"","neve_meta_sidebar":"","neve_meta_container":"","neve_meta_enable_content_width":"","neve_meta_content_width":0,"neve_meta_title_alignment":"","neve_meta_author_avatar":"","neve_post_elements_order":"","neve_meta_disable_header":"","neve_meta_disable_footer":"","neve_meta_disable_title":"","footnotes":""},"class_list":["post-1335","page","type-page","status-publish","hentry"],"uagb_featured_image_src":{"full":false,"thumbnail":false,"medium":false,"medium_large":false,"large":false,"1536x1536":false,"2048x2048":false,"neve-blog":false,"woocommerce_thumbnail":false,"woocommerce_single":false,"woocommerce_gallery_thumbnail":false},"uagb_author_info":{"display_name":"ola","author_link":"https:\/\/olabomba.com\/index.php\/author\/ola\/"},"uagb_comment_info":0,"uagb_excerpt":"Moje Drogie! Zapraszam Ci\u0119 do kontynuowania wsp\u00f3lnej podr\u00f3\u017cy. Podr\u00f3\u017cy ku Twojemu celowi rozwoju marki osobistej, zarabiania marki osobistej, stworzenia swojej marki na w\u0142asnych zasadach. To b\u0119dzie podr\u00f3\u017c przez PRAKTYK\u0118. Mn\u00f3stwo o tworzeniu marki osobistej ju\u017c wiesz. Teraz pora na intencjonalne dzia\u0142anie, wyci\u0105ganie lekcji, przepracowywanie kolejnych przekona\u0144, usprawnianie sprzedawanie. \u2728 AKCJA KONTYNUACJA to skupienie na PRAKTYCE,&hellip;","_links":{"self":[{"href":"https:\/\/olabomba.com\/index.php\/wp-json\/wp\/v2\/pages\/1335","targetHints":{"allow":["GET"]}}],"collection":[{"href":"https:\/\/olabomba.com\/index.php\/wp-json\/wp\/v2\/pages"}],"about":[{"href":"https:\/\/olabomba.com\/index.php\/wp-json\/wp\/v2\/types\/page"}],"author":[{"embeddable":true,"href":"https:\/\/olabomba.com\/index.php\/wp-json\/wp\/v2\/users\/1"}],"replies":[{"embeddable":true,"href":"https:\/\/olabomba.com\/index.php\/wp-json\/wp\/v2\/comments?post=1335"}],"version-history":[{"count":12,"href":"https:\/\/olabomba.com\/index.php\/wp-json\/wp\/v2\/pages\/1335\/revisions"}],"predecessor-version":[{"id":1366,"href":"https:\/\/olabomba.com\/index.php\/wp-json\/wp\/v2\/pages\/1335\/revisions\/1366"}],"wp:attachment":[{"href":"https:\/\/olabomba.com\/index.php\/wp-json\/wp\/v2\/media?parent=1335"}],"curies":[{"name":"wp","href":"https:\/\/api.w.org\/{rel}","templated":true}]}}