{"id":1284,"date":"2024-01-02T20:47:51","date_gmt":"2024-01-02T19:47:51","guid":{"rendered":"https:\/\/olabomba.com\/?page_id=1284"},"modified":"2025-05-07T11:29:39","modified_gmt":"2025-05-07T09:29:39","slug":"nowy-rok-nowa-oferta","status":"publish","type":"page","link":"https:\/\/olabomba.com\/index.php\/nowy-rok-nowa-oferta\/","title":{"rendered":"Nowy rok, nowa oferta"},"content":{"rendered":"\n<figure class=\"wp-block-image alignfull size-large\"><img fetchpriority=\"high\" decoding=\"async\" width=\"1024\" height=\"573\" src=\"https:\/\/olabomba.com\/wp-content\/uploads\/2024\/01\/Zrzut-ekranu-2024-01-02-o-20.29.23-1024x573.png\" alt=\"\" class=\"wp-image-1285\" srcset=\"https:\/\/olabomba.com\/wp-content\/uploads\/2024\/01\/Zrzut-ekranu-2024-01-02-o-20.29.23-1024x573.png 1024w, https:\/\/olabomba.com\/wp-content\/uploads\/2024\/01\/Zrzut-ekranu-2024-01-02-o-20.29.23-300x168.png 300w, https:\/\/olabomba.com\/wp-content\/uploads\/2024\/01\/Zrzut-ekranu-2024-01-02-o-20.29.23-768x430.png 768w, https:\/\/olabomba.com\/wp-content\/uploads\/2024\/01\/Zrzut-ekranu-2024-01-02-o-20.29.23-600x336.png 600w, https:\/\/olabomba.com\/wp-content\/uploads\/2024\/01\/Zrzut-ekranu-2024-01-02-o-20.29.23.png 1536w\" sizes=\"(max-width: 1024px) 100vw, 1024px\" \/><\/figure>\n\n\n\n<div style=\"height:45px\" aria-hidden=\"true\" class=\"wp-block-spacer\"><\/div>\n\n\n\n<h3 class=\"wp-block-heading alignfull has-text-align-center has-background\" style=\"background-color:#ffde59\">Wiem, \u017ce masz wielki talent. Teraz zapakuj go w ofert\u0119, kt\u00f3r\u0105 ludzie chc\u0105 kupi\u0107<\/h3>\n\n\n\n<div class=\"wp-block-columns is-layout-flex wp-container-core-columns-is-layout-9d6595d7 wp-block-columns-is-layout-flex\">\n<div class=\"wp-block-column is-layout-flow wp-block-column-is-layout-flow\"><div class=\"wp-block-image\">\n<figure class=\"aligncenter size-full is-resized\"><img decoding=\"async\" width=\"988\" height=\"922\" src=\"https:\/\/olabomba.com\/wp-content\/uploads\/2025\/01\/111-1.jpeg\" alt=\"\" class=\"wp-image-1809\" style=\"width:318px;height:auto\" srcset=\"https:\/\/olabomba.com\/wp-content\/uploads\/2025\/01\/111-1.jpeg 988w, https:\/\/olabomba.com\/wp-content\/uploads\/2025\/01\/111-1-300x280.jpeg 300w, https:\/\/olabomba.com\/wp-content\/uploads\/2025\/01\/111-1-768x717.jpeg 768w, https:\/\/olabomba.com\/wp-content\/uploads\/2025\/01\/111-1-600x560.jpeg 600w\" sizes=\"(max-width: 988px) 100vw, 988px\" \/><\/figure>\n<\/div><\/div>\n\n\n\n<div class=\"wp-block-column is-vertically-aligned-center is-layout-flow wp-block-column-is-layout-flow\">\n<h2 class=\"wp-block-heading\">Jak to brzmi dla Ciebie? \ud83c\udf81<\/h2>\n<\/div>\n<\/div>\n\n\n\n<p>Oferta Twojej marki ma by\u0107, jak <strong>prezent.<\/strong> \u015arodek, to w\u0142a\u015bnie Twoje talenty &#8211; us\u0142ugi. <strong>Ale na tym nie mo\u017ce si\u0119 ko\u0144czy\u0107.<\/strong> Prezent ma pi\u0119kny papier i kokard\u0119, by zwi\u0119kszy\u0107 <strong>EXPERIENCE<\/strong> tego, co jest w \u015brodku. Podobnie jest z ofert\u0105. Nie wa\u017cne jest tylko to, JAKA ona jest, ale jak o niej m\u00f3wisz, jak j\u0105 <strong>PREZENTUJESZ.<\/strong><br><\/p>\n\n\n\n<div style=\"height:28px\" aria-hidden=\"true\" class=\"wp-block-spacer\"><\/div>\n\n\n\n<h3 class=\"wp-block-heading alignfull has-text-align-center has-background\" style=\"background-color:#ffd2e9\">Ten program jest dla Ciebie, je\u015bli:<\/h3>\n\n\n\n<p>\ud83c\udf81 Czujesz, \u017ce <strong>masz wiele do dania \u015bwiatu<\/strong> i swoim klientkom (ale teraz Twoja oferta tego nie pokazuje)?<br><br>\ud83c\udf81 Klientki chwal\u0105 Ci\u0119 za <strong>\u015bwietn\u0105 prac\u0119 z Tob\u0105<\/strong> (ale sprzeda\u017cy nie masz wiele?)<br><br>\ud83c\udf81 Chcesz wiedzie\u0107, jak <strong>opowiada\u0107 o swojej ofercie, by klient wiedzia\u0142, jaka jest \u015bwietna ZANIM j\u0105 kupi?<\/strong><\/p>\n\n\n\n<p>\ud83c\udf81 Chcesz stworzy\u0107 portfolio us\u0142ug, kt\u00f3re <strong>wyr\u00f3\u017cnia si\u0119 z niszy?<\/strong><\/p>\n\n\n\n<p>\ud83c\udf81  Chcesz stworzy\u0107 swoj\u0105 koronn\u0105 us\u0142ug\u0119, kt\u00f3ra jest <strong>EXPERIENCEM dla klienta, a dla Ciebie driverem biznesu?<\/strong><br><br>\ud83c\udf81 Chcesz stworzy\u0107 dobrze skrojon\u0105 <strong>ofert\u0119, o kt\u00f3rej b\u0119dziesz m\u00f3wi\u0107 z dum\u0105<\/strong> (bo teraz to r\u00f3\u017cne rozrzucone skrawki highlights, pdf\u00f3w, maile?)<br><br>\ud83c\udf81 Chcesz wiedzie\u0107, <strong>jaki produkt wylaunchowa\u0107, jako nast\u0119pny<\/strong> (bo teraz nie wiesz, kt\u00f3ry z pomys\u0142\u00f3w wybra\u0107)?<br><br>\ud83c\udf81 Chcesz stworzy\u0107 <strong>portfolio us\u0142ug, kt\u00f3re odpowiada Tobie i potrzebom klientek<\/strong> (bo teraz mo\u017ce wiesz, co &#8222;trzeba&#8221;, ale te pomys\u0142y na us\u0142ugi nie pasuj\u0105 do Ciebie?)<br><br>\ud83c\udf81 Chcesz wreszcie poczu\u0107 pewno\u015b\u0107 i wiedzie\u0107, <strong>jakie produkty\/tre\u015bci dawa\u0107 za darmo, a co sprzeda\u0107<\/strong>? Chcesz pozna\u0107,<strong> czynniki decyduj\u0105ce o zakupie (bo zazwyczaj nie jest to cena;)? <\/strong><\/p>\n\n\n\n<figure class=\"wp-block-image alignfull size-large\"><img decoding=\"async\" width=\"1024\" height=\"253\" src=\"https:\/\/olabomba.com\/wp-content\/uploads\/2024\/01\/Zrzut-ekranu-2024-01-02-o-20.46.56-1024x253.png\" alt=\"\" class=\"wp-image-1286\" srcset=\"https:\/\/olabomba.com\/wp-content\/uploads\/2024\/01\/Zrzut-ekranu-2024-01-02-o-20.46.56-1024x253.png 1024w, https:\/\/olabomba.com\/wp-content\/uploads\/2024\/01\/Zrzut-ekranu-2024-01-02-o-20.46.56-300x74.png 300w, https:\/\/olabomba.com\/wp-content\/uploads\/2024\/01\/Zrzut-ekranu-2024-01-02-o-20.46.56-768x190.png 768w, https:\/\/olabomba.com\/wp-content\/uploads\/2024\/01\/Zrzut-ekranu-2024-01-02-o-20.46.56-1536x380.png 1536w, https:\/\/olabomba.com\/wp-content\/uploads\/2024\/01\/Zrzut-ekranu-2024-01-02-o-20.46.56-600x148.png 600w, https:\/\/olabomba.com\/wp-content\/uploads\/2024\/01\/Zrzut-ekranu-2024-01-02-o-20.46.56.png 1786w\" sizes=\"(max-width: 1024px) 100vw, 1024px\" \/><\/figure>\n\n\n\n<div style=\"height:36px\" aria-hidden=\"true\" class=\"wp-block-spacer\"><\/div>\n\n\n\n<h3 class=\"wp-block-heading alignfull has-text-align-center has-background\" style=\"background-color:#ffde59\">Kurs to a\u017c 4 modu\u0142y!<\/h3>\n\n\n\n<div style=\"height:36px\" aria-hidden=\"true\" class=\"wp-block-spacer\"><\/div>\n\n\n<div class=\"wp-block-image\">\n<figure class=\"aligncenter size-full is-resized\"><img loading=\"lazy\" decoding=\"async\" width=\"1530\" height=\"858\" src=\"https:\/\/olabomba.com\/wp-content\/uploads\/2024\/01\/Zrzut-ekranu-2024-01-02-o-20.29.43.png\" alt=\"\" class=\"wp-image-1289\" style=\"width:1118px;height:auto\" srcset=\"https:\/\/olabomba.com\/wp-content\/uploads\/2024\/01\/Zrzut-ekranu-2024-01-02-o-20.29.43.png 1530w, https:\/\/olabomba.com\/wp-content\/uploads\/2024\/01\/Zrzut-ekranu-2024-01-02-o-20.29.43-300x168.png 300w, https:\/\/olabomba.com\/wp-content\/uploads\/2024\/01\/Zrzut-ekranu-2024-01-02-o-20.29.43-1024x574.png 1024w, https:\/\/olabomba.com\/wp-content\/uploads\/2024\/01\/Zrzut-ekranu-2024-01-02-o-20.29.43-768x431.png 768w, https:\/\/olabomba.com\/wp-content\/uploads\/2024\/01\/Zrzut-ekranu-2024-01-02-o-20.29.43-600x336.png 600w\" sizes=\"(max-width: 1530px) 100vw, 1530px\" \/><\/figure>\n<\/div>\n\n\n<div style=\"height:43px\" aria-hidden=\"true\" class=\"wp-block-spacer\"><\/div>\n\n\n\n<div class=\"wp-block-columns has-nv-light-bg-background-color has-background is-layout-flex wp-container-core-columns-is-layout-9d6595d7 wp-block-columns-is-layout-flex\">\n<div class=\"wp-block-column is-layout-flow wp-block-column-is-layout-flow\" style=\"flex-basis:66.66%\">\n<div style=\"height:34px\" aria-hidden=\"true\" class=\"wp-block-spacer\"><\/div>\n\n\n\n<h2 class=\"wp-block-heading has-text-align-center\">Kim jestem?<\/h2>\n\n\n\n<p>Ola Bomba. <strong>Holistyczna coach biznesu i strate\u017cka marketingowa.<\/strong><br>Wspieram kobiety w budowaniu ich biznes\u00f3w i marek osobistych na w\u0142asnych zasadach. \u0141\u0105cz\u0119 najlepsze praktyki marketingowe i strategiczne (kt\u00f3re pozwalaj\u0105 szybko i z oszcz\u0119dno\u015bci\u0105 czasu osi\u0105ga\u0107 rezultaty) ze skupieniem na emocjach, przekonaniach i mindsecie (bo one s\u0105 game changerem przy budowie biznesu).<br><br><strong>Wspieram w tworzeniu marek wyr\u00f3\u017cniaj\u0105cych si\u0119, bo marka wyr\u00f3\u017cniaj\u0105ca przyci\u0105ga klient\u00f3w ju\u017c na wczesnym etapie.<\/strong>  Nie wierzysz?<br><br>Pierwszego klienta coachingowego mia\u0142am na IG maj\u0105c <strong>100<\/strong> obserwuj\u0105cych. <br>Gdy mia\u0142am ich <strong>300 &#8211; 400<\/strong> sprzedawa\u0142am ju\u017c d\u0142u\u017csze pakiety wsp\u00f3\u0142prac. <br>Ok. <strong>800<\/strong> &#8211; mia\u0142am pe\u0142ny kalendarz klientek. <br>Przy ok. <strong>900<\/strong> obserwuj\u0105cych uruchomi\u0142am mastermind ma\u0142a-wielka marka osobista z wynikiem sprzeda\u017cy ok. 30 000 z\u0142otych. <br>Przy<strong> 1500<\/strong> obserwuj\u0105cych &#8211; wystartowa\u0142a druga edycja ma\u0142ej-wielkiej marki osobistej generuj\u0105c ok. 50 000 z\u0142otych.<br>Brzmi dobrze, co?<\/p>\n<\/div>\n\n\n\n<div class=\"wp-block-column is-layout-flow wp-block-column-is-layout-flow\" style=\"flex-basis:33.33%\"><div class=\"wp-block-image\">\n<figure class=\"alignright size-large is-resized\"><img loading=\"lazy\" decoding=\"async\" width=\"1727\" height=\"2596\" src=\"https:\/\/olabomba.com\/wp-content\/uploads\/2023\/11\/DSC_1334-edited.png\" alt=\"\" class=\"wp-image-1132\" style=\"width:344px;height:auto\" srcset=\"https:\/\/olabomba.com\/wp-content\/uploads\/2023\/11\/DSC_1334-edited.png 1727w, https:\/\/olabomba.com\/wp-content\/uploads\/2023\/11\/DSC_1334-edited-200x300.png 200w, https:\/\/olabomba.com\/wp-content\/uploads\/2023\/11\/DSC_1334-edited-681x1024.png 681w, https:\/\/olabomba.com\/wp-content\/uploads\/2023\/11\/DSC_1334-edited-768x1154.png 768w, https:\/\/olabomba.com\/wp-content\/uploads\/2023\/11\/DSC_1334-edited-1022x1536.png 1022w, https:\/\/olabomba.com\/wp-content\/uploads\/2023\/11\/DSC_1334-edited-1362x2048.png 1362w, https:\/\/olabomba.com\/wp-content\/uploads\/2023\/11\/DSC_1334-edited-600x902.png 600w\" sizes=\"(max-width: 1727px) 100vw, 1727px\" \/><\/figure>\n<\/div><\/div>\n<\/div>\n\n\n\n<h3 class=\"wp-block-heading alignfull has-text-align-center has-background\" style=\"background-color:#ffd2e9\">Rezultaty po wdro\u017ceniu tre\u015bci programu:<\/h3>\n\n\n\n<p>\ud83c\udf81\ud83c\udf81\ud83c\udf81 WRESZCIE dowiesz si\u0119, <strong>jak stworzy\u0107 portfolio us\u0142ug, kt\u00f3re rezonuje i z Tob\u0105 i z klientami!<\/strong><br><br>\ud83c\udf81\ud83c\udf81\ud83c\udf81 Nauczysz si\u0119 <strong>m\u00f3wi\u0107 o ofercie tak, by zarezonowa\u0142o to z potencjalnymi klientkami<\/strong><br><br>\ud83c\udf81\ud83c\udf81\ud83c\udf81 Wreszcie zrozumiesz, <strong>czego klientki oczekuj\u0105 od Twoich us\u0142ug i oferty<\/strong><br><br>\ud83c\udf81\ud83c\udf81\ud83c\udf81 B\u0119dziesz wiedzia\u0142a i mia\u0142a <strong>wewn\u0119trzn\u0105 pewno\u015b\u0107, jak\u0105 us\u0142ug\u0119 wylaunchowa\u0107, jako nast\u0119pn\u0105<\/strong><br><br>\ud83c\udf81\ud83c\udf81\ud83c\udf81 Gdy wdro\u017cysz kurs, w\u0142o\u017cysz zaanga\u017cowanie, podekscytowanie w temat swojej oferty i promowanie jej &#8211; <strong>zwi\u0119kszysz sprzeda\u017c i zainteresowanie swoimi us\u0142ugami!<\/strong><\/p>\n\n\n\n<div style=\"height:43px\" aria-hidden=\"true\" class=\"wp-block-spacer\"><\/div>\n\n\n\n<h3 class=\"wp-block-heading has-text-align-center\">To klientki m\u00f3wi\u0105 po obejrzeniu Biznesowej Trylogii (Tre$ci, kt\u00f3re sprzedaj\u0105, Nowy Rok Nowa Oferta, Idealna Klientka):<\/h3>\n\n\n<div class=\"wp-block-image\">\n<figure class=\"aligncenter size-large\"><img loading=\"lazy\" decoding=\"async\" width=\"1024\" height=\"577\" src=\"https:\/\/olabomba.com\/wp-content\/uploads\/2025\/01\/Zrzut-ekranu-2024-03-06-o-15.11.25-1-1024x577.png\" alt=\"\" class=\"wp-image-1796\" srcset=\"https:\/\/olabomba.com\/wp-content\/uploads\/2025\/01\/Zrzut-ekranu-2024-03-06-o-15.11.25-1-1024x577.png 1024w, https:\/\/olabomba.com\/wp-content\/uploads\/2025\/01\/Zrzut-ekranu-2024-03-06-o-15.11.25-1-300x169.png 300w, https:\/\/olabomba.com\/wp-content\/uploads\/2025\/01\/Zrzut-ekranu-2024-03-06-o-15.11.25-1-768x433.png 768w, https:\/\/olabomba.com\/wp-content\/uploads\/2025\/01\/Zrzut-ekranu-2024-03-06-o-15.11.25-1-1536x865.png 1536w, https:\/\/olabomba.com\/wp-content\/uploads\/2025\/01\/Zrzut-ekranu-2024-03-06-o-15.11.25-1-600x338.png 600w, https:\/\/olabomba.com\/wp-content\/uploads\/2025\/01\/Zrzut-ekranu-2024-03-06-o-15.11.25-1.png 1736w\" sizes=\"(max-width: 1024px) 100vw, 1024px\" \/><\/figure>\n<\/div>\n\n\n<div style=\"height:65px\" aria-hidden=\"true\" class=\"wp-block-spacer\"><\/div>\n\n\n\n<h3 class=\"wp-block-heading has-text-align-center\">Wchodzisz w to? \ud83e\udd29<\/h3>\n\n\n\n<p class=\"has-text-align-center\"><\/p>\n\n\n\n<div id=\"cennik\" class=\"wp-block-uagb-container uagb-block-d813b08e alignfull uagb-is-root-container\"><div class=\"uagb-container-inner-blocks-wrap\">\n<div class=\"wp-block-uagb-container uagb-block-dd336fa4\">\n<div class=\"wp-block-columns is-layout-flex wp-container-core-columns-is-layout-9d6595d7 wp-block-columns-is-layout-flex\">\n<div class=\"wp-block-column is-layout-flow wp-block-column-is-layout-flow\">\n<h3 class=\"wp-block-heading\"><strong>Kurs<\/strong>:<br><mark style=\"background-color:rgba(0, 0, 0, 0);color:#000000\" class=\"has-inline-color\">NOWY ROK NOWA OFERTA<\/mark><\/h3>\n<\/div>\n<\/div>\n\n\n\n<p><strong>Do\u0142\u0105cz do kursu Nowy Rok Nowa Oferta<\/strong><\/p>\n\n\n\n<hr class=\"wp-block-separator aligncenter has-text-color has-nv-dark-bg-color has-css-opacity has-nv-dark-bg-background-color has-background is-style-wide\"\/>\n\n\n\n<ul class=\"wp-block-list has-normal-font-size\">\n<li>Natychmiastowy dost\u0119p do 4ch oko\u0142ogodzinnych nagra\u0144!<\/li>\n<\/ul>\n\n\n\n<div class=\"wp-block-buttons is-content-justification-center is-layout-flex wp-container-core-buttons-is-layout-16018d1d wp-block-buttons-is-layout-flex\"><\/div>\n\n\n\n<div style=\"height:37px\" aria-hidden=\"true\" class=\"wp-block-spacer\"><\/div>\n\n\n\n<div class=\"wp-block-buttons is-content-justification-center is-layout-flex wp-container-core-buttons-is-layout-16018d1d wp-block-buttons-is-layout-flex\">\n<div class=\"wp-block-button has-custom-font-size has-medium-font-size\"><a class=\"wp-block-button__link has-text-align-center wp-element-button\" href=\"https:\/\/olabomba.com\/index.php\/produkt\/nowyrok\/\">\ud83e\udd29 P\u0142ac\u0119 za ca\u0142o\u015b\u0107<br><mark style=\"background-color:rgba(0, 0, 0, 0)\" class=\"has-inline-color has-neve-link-hover-color-color\"><strong>1<\/strong>299 z\u0142 (z 23% VAT)<\/mark><\/a><\/div>\n<\/div>\n<\/div>\n\n\n\n<div class=\"wp-block-uagb-container uagb-block-5cb371b6\">\n<div class=\"wp-block-columns is-layout-flex wp-container-core-columns-is-layout-9d6595d7 wp-block-columns-is-layout-flex\">\n<div class=\"wp-block-column is-layout-flow wp-block-column-is-layout-flow\">\n<h3 class=\"wp-block-heading\">Pakiet PERSONALIZOWANY<br><mark style=\"background-color:rgba(0, 0, 0, 0)\" class=\"has-inline-color has-neve-link-color-color\">NOWY ROK NOWA OFERTA<\/mark><br><mark style=\"background-color:rgba(0, 0, 0, 0)\" class=\"has-inline-color has-neve-link-color-color\">+ audyt Twojej oferty!<\/mark><\/h3>\n<\/div>\n<\/div>\n\n\n\n<p><strong>Do\u0142\u0105cz do kursu Nowy Rok Nowa Oferta i spotkaj si\u0119 ze mn\u0105 1:1, by dosta\u0107 moje konkretne wskaz\u00f3wki dotycz\u0105ce Twojej oferty!<\/strong><br>(do wyczerpania zapas\u00f3w)<\/p>\n\n\n\n<hr class=\"wp-block-separator aligncenter has-text-color has-nv-dark-bg-color has-css-opacity has-nv-dark-bg-background-color has-background is-style-wide\"\/>\n\n\n\n<ul class=\"wp-block-list has-normal-font-size\">\n<li>Natychmiastowy dost\u0119p do 4ch oko\u0142ogodzinnych nagra\u0144!<\/li>\n\n\n\n<li><strong>godzinne spotkanie ze mn\u0105 na audyt Twojej oferty i wskaz\u00f3wki w kontek\u015bcie budowy nowych us\u0142ug<\/strong><\/li>\n<\/ul>\n\n\n\n<div style=\"height:35px\" aria-hidden=\"true\" class=\"wp-block-spacer\"><\/div>\n\n\n\n<div class=\"wp-block-buttons is-content-justification-center is-layout-flex wp-container-core-buttons-is-layout-16018d1d wp-block-buttons-is-layout-flex\">\n<div class=\"wp-block-button has-custom-font-size has-medium-font-size\"><a class=\"wp-block-button__link wp-element-button\" href=\"https:\/\/olabomba.com\/index.php\/produkt\/program-nowy-rok-nowa-oferta-spotkanie\/\">\ud83e\udd29 P\u0142ac\u0119 za ca\u0142o\u015b\u0107<br><mark style=\"background-color:rgba(0, 0, 0, 0)\" class=\"has-inline-color has-neve-link-hover-color-color\">18<strong>99 z\u0142<\/strong> (z 23% VAT)<\/mark><\/a><\/div>\n<\/div>\n<\/div>\n<\/div><\/div>\n\n\n\n<div style=\"height:49px\" aria-hidden=\"true\" class=\"wp-block-spacer\"><\/div>\n\n\n\n<p><br><strong>Q&amp;A:<\/strong><br><br><strong>1. Czy<\/strong> <strong>otrzymam faktur\u0119?<\/strong><br>Tak!<br><br><strong>2. Czy to jest program dla sprzedaj\u0105cych produkty\/us\u0142ugi stacjonarne?<\/strong><br>Nie<br><br><br><br><br><br><\/p>\n\n\n\n<p><\/p>\n","protected":false},"excerpt":{"rendered":"<p>Wiem, \u017ce masz wielki talent. Teraz zapakuj go w ofert\u0119, kt\u00f3r\u0105 ludzie chc\u0105 kupi\u0107 Jak to brzmi dla Ciebie? \ud83c\udf81 Oferta Twojej marki ma by\u0107, jak prezent. \u015arodek, to w\u0142a\u015bnie Twoje talenty &#8211; us\u0142ugi. Ale na tym nie mo\u017ce si\u0119 ko\u0144czy\u0107. Prezent ma pi\u0119kny papier i kokard\u0119, by zwi\u0119kszy\u0107 EXPERIENCE tego, co jest w \u015brodku. Podobnie jest z ofert\u0105. Nie wa\u017cne jest tylko to, JAKA ona jest, ale jak o niej m\u00f3wisz, jak j\u0105 PREZENTUJESZ. Ten program jest dla Ciebie, je\u015bli: \ud83c\udf81 Czujesz, \u017ce masz wiele do dania \u015bwiatu i swoim klientkom (ale teraz Twoja oferta tego nie pokazuje)? \ud83c\udf81 Klientki chwal\u0105 Ci\u0119 za \u015bwietn\u0105 prac\u0119 z Tob\u0105 (ale sprzeda\u017cy nie masz wiele?) \ud83c\udf81 Chcesz wiedzie\u0107, jak opowiada\u0107 o swojej ofercie, by klient wiedzia\u0142, jaka jest \u015bwietna ZANIM j\u0105 kupi? \ud83c\udf81 Chcesz stworzy\u0107 portfolio us\u0142ug, kt\u00f3re wyr\u00f3\u017cnia si\u0119 z niszy? \ud83c\udf81 Chcesz stworzy\u0107 swoj\u0105 koronn\u0105 us\u0142ug\u0119, kt\u00f3ra jest EXPERIENCEM dla klienta, a dla Ciebie driverem biznesu? \ud83c\udf81 Chcesz stworzy\u0107 dobrze skrojon\u0105 ofert\u0119, o kt\u00f3rej b\u0119dziesz m\u00f3wi\u0107 z dum\u0105 (bo teraz to r\u00f3\u017cne rozrzucone skrawki highlights, pdf\u00f3w, maile?) \ud83c\udf81 Chcesz wiedzie\u0107, jaki produkt wylaunchowa\u0107, jako nast\u0119pny (bo teraz nie wiesz, kt\u00f3ry z pomys\u0142\u00f3w wybra\u0107)? \ud83c\udf81 Chcesz stworzy\u0107 portfolio us\u0142ug, kt\u00f3re odpowiada Tobie i potrzebom klientek (bo teraz mo\u017ce wiesz, co &#8222;trzeba&#8221;, ale te pomys\u0142y na us\u0142ugi nie pasuj\u0105 do Ciebie?) \ud83c\udf81 Chcesz wreszcie poczu\u0107 pewno\u015b\u0107 i wiedzie\u0107, jakie produkty\/tre\u015bci dawa\u0107 za darmo, a co sprzeda\u0107? Chcesz pozna\u0107, czynniki decyduj\u0105ce o zakupie (bo zazwyczaj nie jest to cena;)? Kurs to a\u017c 4 modu\u0142y! Kim jestem? Ola Bomba. Holistyczna coach biznesu i strate\u017cka marketingowa.Wspieram kobiety w budowaniu ich biznes\u00f3w i marek osobistych na w\u0142asnych zasadach. \u0141\u0105cz\u0119 najlepsze praktyki marketingowe i strategiczne (kt\u00f3re pozwalaj\u0105 szybko i z oszcz\u0119dno\u015bci\u0105 czasu osi\u0105ga\u0107 rezultaty) ze skupieniem na emocjach, przekonaniach i mindsecie (bo one s\u0105 game changerem przy budowie biznesu). Wspieram w tworzeniu marek wyr\u00f3\u017cniaj\u0105cych si\u0119, bo marka wyr\u00f3\u017cniaj\u0105ca przyci\u0105ga klient\u00f3w ju\u017c na wczesnym etapie. Nie wierzysz? Pierwszego klienta coachingowego mia\u0142am na IG maj\u0105c 100 obserwuj\u0105cych. Gdy mia\u0142am ich 300 &#8211; 400 sprzedawa\u0142am ju\u017c d\u0142u\u017csze pakiety wsp\u00f3\u0142prac. Ok. 800 &#8211; mia\u0142am pe\u0142ny kalendarz klientek. Przy ok. 900 obserwuj\u0105cych uruchomi\u0142am mastermind ma\u0142a-wielka marka osobista z wynikiem sprzeda\u017cy ok. 30 000 z\u0142otych. Przy 1500 obserwuj\u0105cych &#8211; wystartowa\u0142a druga edycja ma\u0142ej-wielkiej marki osobistej generuj\u0105c ok. 50 000 z\u0142otych.Brzmi dobrze, co? Rezultaty po wdro\u017ceniu tre\u015bci programu: \ud83c\udf81\ud83c\udf81\ud83c\udf81 WRESZCIE dowiesz si\u0119, jak stworzy\u0107 portfolio us\u0142ug, kt\u00f3re rezonuje i z Tob\u0105 i z klientami! \ud83c\udf81\ud83c\udf81\ud83c\udf81 Nauczysz si\u0119 m\u00f3wi\u0107 o ofercie tak, by zarezonowa\u0142o to z potencjalnymi klientkami \ud83c\udf81\ud83c\udf81\ud83c\udf81 Wreszcie zrozumiesz, czego klientki oczekuj\u0105 od Twoich us\u0142ug i oferty \ud83c\udf81\ud83c\udf81\ud83c\udf81 B\u0119dziesz wiedzia\u0142a i mia\u0142a wewn\u0119trzn\u0105 pewno\u015b\u0107, jak\u0105 us\u0142ug\u0119 wylaunchowa\u0107, jako nast\u0119pn\u0105 \ud83c\udf81\ud83c\udf81\ud83c\udf81 Gdy wdro\u017cysz kurs, w\u0142o\u017cysz zaanga\u017cowanie, podekscytowanie w temat swojej oferty i promowanie jej &#8211; zwi\u0119kszysz sprzeda\u017c i zainteresowanie swoimi us\u0142ugami! To klientki m\u00f3wi\u0105 po obejrzeniu Biznesowej Trylogii (Tre$ci, kt\u00f3re sprzedaj\u0105, Nowy Rok Nowa Oferta, Idealna Klientka): Wchodzisz w to? \ud83e\udd29 Kurs:NOWY ROK NOWA OFERTA Do\u0142\u0105cz do kursu Nowy Rok Nowa Oferta Pakiet PERSONALIZOWANYNOWY ROK NOWA OFERTA+ audyt Twojej oferty! Do\u0142\u0105cz do kursu Nowy Rok Nowa Oferta i spotkaj si\u0119 ze mn\u0105 1:1, by dosta\u0107 moje konkretne wskaz\u00f3wki dotycz\u0105ce Twojej oferty!(do wyczerpania zapas\u00f3w) Q&amp;A: 1. Czy otrzymam faktur\u0119?Tak! 2. Czy to jest program dla sprzedaj\u0105cych produkty\/us\u0142ugi stacjonarne?Nie<\/p>\n","protected":false},"author":1,"featured_media":0,"parent":0,"menu_order":0,"comment_status":"closed","ping_status":"closed","template":"","meta":{"_uag_custom_page_level_css":"","neve_meta_sidebar":"","neve_meta_container":"full-width","neve_meta_enable_content_width":"off","neve_meta_content_width":70,"neve_meta_title_alignment":"center","neve_meta_author_avatar":"","neve_post_elements_order":"","neve_meta_disable_header":"","neve_meta_disable_footer":"","neve_meta_disable_title":"","footnotes":""},"class_list":["post-1284","page","type-page","status-publish","hentry"],"uagb_featured_image_src":{"full":false,"thumbnail":false,"medium":false,"medium_large":false,"large":false,"1536x1536":false,"2048x2048":false,"neve-blog":false,"woocommerce_thumbnail":false,"woocommerce_single":false,"woocommerce_gallery_thumbnail":false},"uagb_author_info":{"display_name":"ola","author_link":"https:\/\/olabomba.com\/index.php\/author\/ola\/"},"uagb_comment_info":0,"uagb_excerpt":"Wiem, \u017ce masz wielki talent. Teraz zapakuj go w ofert\u0119, kt\u00f3r\u0105 ludzie chc\u0105 kupi\u0107 Jak to brzmi dla Ciebie? \ud83c\udf81 Oferta Twojej marki ma by\u0107, jak prezent. \u015arodek, to w\u0142a\u015bnie Twoje talenty &#8211; us\u0142ugi. Ale na tym nie mo\u017ce si\u0119 ko\u0144czy\u0107. Prezent ma pi\u0119kny papier i kokard\u0119, by zwi\u0119kszy\u0107 EXPERIENCE tego, co jest w \u015brodku.&hellip;","_links":{"self":[{"href":"https:\/\/olabomba.com\/index.php\/wp-json\/wp\/v2\/pages\/1284","targetHints":{"allow":["GET"]}}],"collection":[{"href":"https:\/\/olabomba.com\/index.php\/wp-json\/wp\/v2\/pages"}],"about":[{"href":"https:\/\/olabomba.com\/index.php\/wp-json\/wp\/v2\/types\/page"}],"author":[{"embeddable":true,"href":"https:\/\/olabomba.com\/index.php\/wp-json\/wp\/v2\/users\/1"}],"replies":[{"embeddable":true,"href":"https:\/\/olabomba.com\/index.php\/wp-json\/wp\/v2\/comments?post=1284"}],"version-history":[{"count":15,"href":"https:\/\/olabomba.com\/index.php\/wp-json\/wp\/v2\/pages\/1284\/revisions"}],"predecessor-version":[{"id":2537,"href":"https:\/\/olabomba.com\/index.php\/wp-json\/wp\/v2\/pages\/1284\/revisions\/2537"}],"wp:attachment":[{"href":"https:\/\/olabomba.com\/index.php\/wp-json\/wp\/v2\/media?parent=1284"}],"curies":[{"name":"wp","href":"https:\/\/api.w.org\/{rel}","templated":true}]}}